{"id":233,"date":"2017-09-18T21:44:18","date_gmt":"2017-09-18T20:44:18","guid":{"rendered":"http:\/\/suavecita.hr\/wrp\/?page_id=233"},"modified":"2021-08-17T15:50:24","modified_gmt":"2021-08-17T14:50:24","slug":"salsa-partnerwork","status":"publish","type":"page","link":"http:\/\/www.suavecita.hr\/wrp\/salsa-partnerwork\/","title":{"rendered":"Salsa Partnerwork"},"content":{"rendered":"[vc_row type=&#8221;full_width_background&#8221; full_screen_row_position=&#8221;middle&#8221; bg_image=&#8221;166&#8243; bg_position=&#8221;left top&#8221; bg_repeat=&#8221;no-repeat&#8221; parallax_bg=&#8221;true&#8221; parallax_bg_speed=&#8221;fast&#8221; bg_color=&#8221;#333333&#8243; scene_position=&#8221;center&#8221; video_bg=&#8221;use_video&#8221; video_mute=&#8221;true&#8221; text_color=&#8221;light&#8221; text_align=&#8221;left&#8221; top_padding=&#8221;13%&#8221; bottom_padding=&#8221;13%&#8221; color_overlay=&#8221;#0a0a0a&#8221; overlay_strength=&#8221;0.5&#8243;][vc_column column_padding=&#8221;no-extra-padding&#8221; column_padding_position=&#8221;all&#8221; background_color_opacity=&#8221;1&#8243; background_hover_color_opacity=&#8221;1&#8243; column_shadow=&#8221;none&#8221; width=&#8221;1\/2&#8243; tablet_text_alignment=&#8221;default&#8221; phone_text_alignment=&#8221;default&#8221; column_border_width=&#8221;none&#8221; column_border_style=&#8221;solid&#8221;][vc_custom_heading text=&#8221;Salsa Partnerwork&#8221; font_container=&#8221;tag:h5|text_align:left|color:rgba(255%2C255%2C255%2C0.74)&#8221; use_theme_fonts=&#8221;yes&#8221; css_animation=&#8221;fadeInUp&#8221;][split_line_heading]\n<h2>U punom sjaju<\/h2>\n<h2>na plesnom podiju&#8230;<\/h2>\n[\/split_line_heading][vc_row_inner column_margin=&#8221;default&#8221; text_align=&#8221;left&#8221;][vc_column_inner enable_animation=&#8221;true&#8221; animation=&#8221;fade-in-from-bottom&#8221; column_padding=&#8221;no-extra-padding&#8221; column_padding_position=&#8221;all&#8221; background_color_opacity=&#8221;1&#8243; width=&#8221;5\/6&#8243; column_border_width=&#8221;none&#8221; column_border_style=&#8221;solid&#8221; delay=&#8221;300&#8243;][vc_custom_heading text=&#8221;Nau\u010dite pri\u010dati taj predivan jezik plesa \u2013 vo\u0111enje i pra\u0107enje, salsa figure, muzikalnost, konekcija\u2026 i u\u017eivajte na plesnom podiju jo\u0161 vi\u0161e\u2026&#8221; font_container=&#8221;tag:p|text_align:left|color:rgba(255%2C255%2C255%2C0.7)&#8221; use_theme_fonts=&#8221;yes&#8221;][\/vc_column_inner][vc_column_inner column_padding=&#8221;no-extra-padding&#8221; column_padding_position=&#8221;all&#8221; background_color_opacity=&#8221;1&#8243; width=&#8221;1\/6&#8243; column_border_width=&#8221;none&#8221; column_border_style=&#8221;solid&#8221;][\/vc_column_inner][\/vc_row_inner][\/vc_column][vc_column column_padding=&#8221;no-extra-padding&#8221; column_padding_position=&#8221;all&#8221; background_color_opacity=&#8221;1&#8243; background_hover_color_opacity=&#8221;1&#8243; column_shadow=&#8221;none&#8221; width=&#8221;1\/2&#8243; tablet_text_alignment=&#8221;default&#8221; phone_text_alignment=&#8221;default&#8221; column_border_width=&#8221;none&#8221; column_border_style=&#8221;solid&#8221;][\/vc_column][\/vc_row][vc_row type=&#8221;in_container&#8221; full_screen_row_position=&#8221;middle&#8221; scene_position=&#8221;center&#8221; text_color=&#8221;dark&#8221; text_align=&#8221;left&#8221; overlay_strength=&#8221;0.3&#8243;][vc_column column_padding=&#8221;no-extra-padding&#8221; column_padding_position=&#8221;all&#8221; background_color_opacity=&#8221;1&#8243; background_hover_color_opacity=&#8221;1&#8243; column_shadow=&#8221;none&#8221; width=&#8221;1\/1&#8243; tablet_text_alignment=&#8221;default&#8221; phone_text_alignment=&#8221;default&#8221; column_border_width=&#8221;none&#8221; column_border_style=&#8221;solid&#8221;]<div class=\"divider-wrap\"><div style=\"height: 50px;\" class=\"divider\"><\/div><\/div>[\/vc_column][\/vc_row][vc_row type=&#8221;in_container&#8221; full_screen_row_position=&#8221;middle&#8221; scene_position=&#8221;center&#8221; text_color=&#8221;dark&#8221; text_align=&#8221;left&#8221; overlay_strength=&#8221;0.3&#8243;][vc_column column_padding=&#8221;padding-10-percent&#8221; column_padding_position=&#8221;right&#8221; background_color_opacity=&#8221;1&#8243; background_hover_color_opacity=&#8221;1&#8243; column_shadow=&#8221;none&#8221; width=&#8221;1\/1&#8243; tablet_text_alignment=&#8221;default&#8221; phone_text_alignment=&#8221;default&#8221; column_border_width=&#8221;none&#8221; column_border_style=&#8221;solid&#8221;][vc_row_inner column_margin=&#8221;default&#8221; text_align=&#8221;left&#8221;][vc_column_inner column_padding=&#8221;padding-8-percent&#8221; column_padding_position=&#8221;right&#8221; background_color_opacity=&#8221;1&#8243; width=&#8221;1\/2&#8243; column_border_width=&#8221;none&#8221; column_border_style=&#8221;solid&#8221;][vc_column_text]\n<h1>Salsa Partnerwork<\/h1>\n<p>Satovi <em>Salsa Partnerworka<\/em> namjenjeni su za u\u010denje plesa u paru &#8211; mu\u0161karca i \u017eene. Na\u0161 cilj je da u potpunosti ovladate tim plesnim jezikom, da djevojke ovladaju <strong>pra\u0107enjem, brzinom, stylingom<\/strong> a mu\u0161karci <strong>preciznim i nje\u017enim vo\u0111enjem u pravo vrijeme<\/strong>.<\/p>\n<p>Postoji puno podru\u010dja u plesu u paru koje \u0107emo podu\u010davati na ovim satovima:<\/p>\n<ul>\n<li>vo\u0111enje<\/li>\n<li>pra\u0107enje<\/li>\n<li>komunikacija izme\u0111u partnera<\/li>\n<li>plesni okvir<\/li>\n<li>figure<\/li>\n<li>timing vo\u0111enja<\/li>\n<li>tehnike okreta<\/li>\n<li>tehnike kretanja<\/li>\n<li>muzikalnost<\/li>\n<li>footwork<\/li>\n<li>upotreba tijela u plesu<\/li>\n<li>styling u partnerworku<\/li>\n<\/ul>\n[\/vc_column_text][\/vc_column_inner][vc_column_inner column_padding=&#8221;no-extra-padding&#8221; column_padding_position=&#8221;all&#8221; background_color_opacity=&#8221;1&#8243; width=&#8221;1\/2&#8243; column_border_width=&#8221;none&#8221; column_border_style=&#8221;solid&#8221;][vc_custom_heading text=&#8221;Informacije o grupi&#8221; font_container=&#8221;tag:h2|text_align:left|color:%23000000&#8243; use_theme_fonts=&#8221;yes&#8221;]<div class=\"nectar-fancy-ul\" data-list-icon=\"icon-salient-thin-line\" data-animation=\"false\" data-animation-delay=\"0\" data-color=\"extra-color-3\" data-alignment=\"left\"> \n<ul>\n<li><strong>Trenutno ne postoje grupe za ples u paru<\/strong><\/li>\n<li>Zainteresirani se mogu javiti za privatne satove ukoliko \u017eele<\/li>\n<\/ul>\n <\/div><div class=\"divider-wrap\"><div style=\"height: 20px;\" class=\"divider\"><\/div><\/div>[\/vc_column_inner][\/vc_row_inner][\/vc_column][\/vc_row][vc_row type=&#8221;in_container&#8221; full_screen_row_position=&#8221;middle&#8221; scene_position=&#8221;center&#8221; text_color=&#8221;dark&#8221; text_align=&#8221;left&#8221; overlay_strength=&#8221;0.3&#8243;][vc_column column_padding=&#8221;padding-10-percent&#8221; column_padding_position=&#8221;right&#8221; background_color_opacity=&#8221;1&#8243; background_hover_color_opacity=&#8221;1&#8243; column_shadow=&#8221;none&#8221; width=&#8221;2\/3&#8243; tablet_text_alignment=&#8221;default&#8221; phone_text_alignment=&#8221;default&#8221; column_border_width=&#8221;none&#8221; column_border_style=&#8221;solid&#8221;][vc_column_text]\n<h2>Dizajnirano za social, za \u017eene i za mu\u0161karce<\/h2>\n<p>U ovu grupu su dobrodo\u0161li svi plesa\u010di koji su \u017eele nau\u010diti osnove salse New York Style On2 (ili ponoviti gradivo). Na na\u0161im satovima u\u010dimo korake i figure koje su <strong>100% primjenjive na plesnjacima<\/strong> i koje \u0107ete mo\u0107i otplesati sa svakime.<\/p>\n<p>Na na\u0161im satova posve\u0107ujemo u\u010denje plesanja u jednakoj mjeri za oba spola &#8211; u\u010denje&nbsp;<strong>pravilnog vo\u0111enja za mu\u0161karce&nbsp;<\/strong>i za u\u010denje <strong>pravilnog pra\u0107enja za \u017eene<\/strong> &#8211; a ne samo na u\u010denje figura s obja\u0161njavanjem tipa &#8216;onaj koji vodi treba napraviti to i to, a ona koja prati sama zna \u0161to teba napraviti&#8217;. Kod nas se ni\u0161ta ne podrazumijeva &#8211; sve se ka\u017ee, objasni, poka\u017ee i podu\u010di \ud83d\ude09<\/p>\n<p>Na na\u0161im satovima koristimo <strong>individualizirani<\/strong> pristup kako bi svakom pomogli u &#8216;sitnicama&#8217; u kojima &#8216;zapinju&#8217; a pri tome ne ometamo tijek sata i grupe.[\/vc_column_text][\/vc_column][vc_column column_padding=&#8221;no-extra-padding&#8221; column_padding_position=&#8221;all&#8221; background_color_opacity=&#8221;1&#8243; background_hover_color_opacity=&#8221;1&#8243; column_shadow=&#8221;none&#8221; width=&#8221;1\/3&#8243; tablet_text_alignment=&#8221;default&#8221; phone_text_alignment=&#8221;default&#8221; column_border_width=&#8221;none&#8221; column_border_style=&#8221;solid&#8221;][vc_column_text]\n<h2>Za\u0161to salsa?<\/h2>\n<h4><em><span style=\"color: #eb238e;\">Plesanje salse izaziva sre\u0107u pa je to jedan od prirodnih antidepresiva i na\u010dina kako da se oslobodite stresa i do\u0111ete do harmonije u \u017eivotu.<\/span><\/em><\/h4>\n[\/vc_column_text][\/vc_column][\/vc_row][vc_row type=&#8221;full_width_background&#8221; full_screen_row_position=&#8221;middle&#8221; bg_color=&#8221;#f7f7f7&#8243; scene_position=&#8221;center&#8221; text_color=&#8221;dark&#8221; text_align=&#8221;left&#8221; top_padding=&#8221;50&#8243; bottom_padding=&#8221;50&#8243; overlay_strength=&#8221;0.3&#8243;][vc_column column_padding=&#8221;no-extra-padding&#8221; column_padding_position=&#8221;all&#8221; background_color_opacity=&#8221;1&#8243; background_hover_color_opacity=&#8221;1&#8243; column_shadow=&#8221;none&#8221; width=&#8221;1\/1&#8243; tablet_text_alignment=&#8221;default&#8221; phone_text_alignment=&#8221;default&#8221; column_border_width=&#8221;none&#8221; column_border_style=&#8221;solid&#8221;][vc_column_text]<img loading=\"lazy\" class=\"alignleft wp-image-578 size-medium\" src=\"http:\/\/www.suavecita.hr\/wrp\/wp-content\/uploads\/2017\/10\/youth-570881_1920-300x200.jpg\" alt=\"\" width=\"300\" height=\"200\" srcset=\"http:\/\/www.suavecita.hr\/wrp\/wp-content\/uploads\/2017\/10\/youth-570881_1920-300x200.jpg 300w, http:\/\/www.suavecita.hr\/wrp\/wp-content\/uploads\/2017\/10\/youth-570881_1920-768x512.jpg 768w, http:\/\/www.suavecita.hr\/wrp\/wp-content\/uploads\/2017\/10\/youth-570881_1920-1024x683.jpg 1024w, http:\/\/www.suavecita.hr\/wrp\/wp-content\/uploads\/2017\/10\/youth-570881_1920.jpg 1920w\" sizes=\"(max-width: 300px) 100vw, 300px\" \/><\/p>\n<h2><em>\u0160to sve&nbsp;mo\u017eete nau\u010diti, ste\u0107i i do\u017eivjeti ple\u0161u\u0107i salsu i za\u0161to ba\u0161 salsu pro\u010ditajte u kolumni <a href=\"http:\/\/www.suavecita.hr\/wrp\/salsa-makes-life-better\/\">Salsa Makes Life Better<\/a><\/em><\/h2>\n[\/vc_column_text]<div class=\"divider-wrap\"><div style=\"height: 40px;\" class=\"divider\"><\/div><\/div>[\/vc_column][\/vc_row][vc_row type=&#8221;in_container&#8221; full_screen_row_position=&#8221;middle&#8221; scene_position=&#8221;center&#8221; text_color=&#8221;dark&#8221; text_align=&#8221;left&#8221; top_padding=&#8221;40&#8243; overlay_strength=&#8221;0.3&#8243;][vc_column column_padding=&#8221;padding-4-percent&#8221; column_padding_position=&#8221;right&#8221; background_color_opacity=&#8221;1&#8243; background_hover_color_opacity=&#8221;1&#8243; column_shadow=&#8221;none&#8221; width=&#8221;2\/3&#8243; tablet_text_alignment=&#8221;default&#8221; phone_text_alignment=&#8221;default&#8221; column_border_width=&#8221;none&#8221; column_border_style=&#8221;solid&#8221;][vc_column_text]\n<h2>Stil plesa<\/h2>\n<p>Mi smo odabrali podu\u010davati <strong>Salsu On2 New York Style<\/strong> jer nas inspirira i podr\u017eava na\u0161u viziju plesanja salse. <em>Salsa On2 New York Style<\/em> je ples koji je <strong>najelegantiji<\/strong> od svih stilova salse jer partnerima omogu\u0107ava da se&nbsp;neprekidno kre\u0107u kroz plesni prostor bez zaustavljanja na <em>beat<\/em>ove 4 i 8 (jer su tada partneri u okretu) te omogu\u0107ava plesanje na <em>tumbao<\/em> ritam dok se melodija koristi za interpretaciju muzike &#8211; \u0161to daje beskona\u010dno mogu\u0107nosti za kreativnost plesa\u010da u figurama i muzikalnosti.[\/vc_column_text][\/vc_column][vc_column column_padding=&#8221;no-extra-padding&#8221; column_padding_position=&#8221;all&#8221; background_color_opacity=&#8221;1&#8243; background_hover_color_opacity=&#8221;1&#8243; column_shadow=&#8221;none&#8221; width=&#8221;1\/3&#8243; tablet_text_alignment=&#8221;default&#8221; phone_text_alignment=&#8221;default&#8221; column_border_width=&#8221;none&#8221; column_border_style=&#8221;solid&#8221;][vc_column_text]\n<h2>Jeste li znali?<\/h2>\n<p>Iz iskustva znamo da po\u010detnici lak\u0161e savladavaju osnove &#8216;dvojke&#8217; a na svim svjetskim salsa festivalima ve\u0107ina plesa\u010da i instruktora ple\u0161e i podu\u010dava taj stil plesa.[\/vc_column_text][\/vc_column][\/vc_row][vc_row type=&#8221;full_width_background&#8221; full_screen_row_position=&#8221;middle&#8221; bg_color=&#8221;#f7f7f7&#8243; scene_position=&#8221;center&#8221; text_color=&#8221;dark&#8221; text_align=&#8221;left&#8221; top_padding=&#8221;50&#8243; bottom_padding=&#8221;50&#8243; overlay_strength=&#8221;0.3&#8243;][vc_column column_padding=&#8221;no-extra-padding&#8221; column_padding_position=&#8221;all&#8221; background_color_opacity=&#8221;1&#8243; background_hover_color_opacity=&#8221;1&#8243; column_shadow=&#8221;none&#8221; width=&#8221;1\/1&#8243; tablet_text_alignment=&#8221;default&#8221; phone_text_alignment=&#8221;default&#8221; column_border_width=&#8221;none&#8221; column_border_style=&#8221;solid&#8221;][vc_column_text]\n<h2><span style=\"color: #eb238e;\"><em>Nau\u010dite pri\u010dati taj predivan jezik plesa u na\u0161em studiu \u2013 vo\u0111enje i pra\u0107enje, salsa figure, muzikalnost, konekcija\u2026 i u\u017eivajte na plesnom podiju jo\u0161 vi\u0161e&#8230;<\/em><\/span><\/h2>\n[\/vc_column_text][\/vc_column][\/vc_row][vc_row type=&#8221;in_container&#8221; full_screen_row_position=&#8221;middle&#8221; scene_position=&#8221;center&#8221; text_color=&#8221;dark&#8221; text_align=&#8221;left&#8221; top_padding=&#8221;50&#8243; overlay_strength=&#8221;0.3&#8243;][vc_column column_padding=&#8221;no-extra-padding&#8221; column_padding_position=&#8221;all&#8221; background_color_opacity=&#8221;1&#8243; background_hover_color_opacity=&#8221;1&#8243; column_shadow=&#8221;none&#8221; width=&#8221;2\/3&#8243; tablet_text_alignment=&#8221;default&#8221; phone_text_alignment=&#8221;default&#8221; column_border_width=&#8221;none&#8221; column_border_style=&#8221;solid&#8221;][vc_column_text]\n<h2>Gdje je nestala bliskost?<\/h2>\n<p>Danas je doba moderne tehnologije, vrijeme u kojem komuniciramo putem ra\u010dunala i mobitela, ljudi postaju sve otu\u0111eniji, sve vi\u0161e socijalni kontakt ostvarujemo putem tehni\u010dkih pomagala, na primjer, govorimo partneru &#8216;volim te&#8217; putem sms-a, pitamo mamu &#8216;kako si&#8217; preko mobitela, kontaktiramo prijatelje putem e-maila ili facebook-a, zabavu do\u017eivljavamo kroz likove u TV serijama, pri\u010damo u nulama i jedinicama&#8230; i zaboravljamo koliko je lijepo sjest na kavu i porazgovarati, zagrliti se, nasmijati se zajedno, dodirnuti se&#8230; Postajemo asocijalni u fizi\u010dkom smislu.[\/vc_column_text][\/vc_column][vc_column column_padding=&#8221;no-extra-padding&#8221; column_padding_position=&#8221;all&#8221; background_color_opacity=&#8221;1&#8243; background_hover_color_opacity=&#8221;1&#8243; column_shadow=&#8221;none&#8221; width=&#8221;1\/3&#8243; tablet_text_alignment=&#8221;default&#8221; phone_text_alignment=&#8221;default&#8221; column_border_width=&#8221;none&#8221; column_border_style=&#8221;solid&#8221;][\/vc_column][\/vc_row][vc_row type=&#8221;full_width_background&#8221; full_screen_row_position=&#8221;middle&#8221; bg_color=&#8221;#f7f7f7&#8243; scene_position=&#8221;center&#8221; text_color=&#8221;dark&#8221; text_align=&#8221;left&#8221; top_padding=&#8221;50&#8243; bottom_padding=&#8221;50&#8243; overlay_strength=&#8221;0.3&#8243;][vc_column column_padding=&#8221;no-extra-padding&#8221; column_padding_position=&#8221;all&#8221; background_color_opacity=&#8221;1&#8243; background_hover_color_opacity=&#8221;1&#8243; column_shadow=&#8221;none&#8221; width=&#8221;1\/1&#8243; tablet_text_alignment=&#8221;default&#8221; phone_text_alignment=&#8221;default&#8221; column_border_width=&#8221;none&#8221; column_border_style=&#8221;solid&#8221;][vc_column_text]\n<h2><span style=\"color: #eb238e;\"><em>Svatko ima pravo plesati salsu i pri tome u\u017eivati&#8230;<\/em><\/span><\/h2>\n[\/vc_column_text][\/vc_column][\/vc_row][vc_row type=&#8221;in_container&#8221; full_screen_row_position=&#8221;middle&#8221; scene_position=&#8221;center&#8221; text_color=&#8221;dark&#8221; text_align=&#8221;left&#8221; top_padding=&#8221;50&#8243; overlay_strength=&#8221;0.3&#8243;][vc_column column_padding=&#8221;padding-4-percent&#8221; column_padding_position=&#8221;all&#8221; background_color_opacity=&#8221;1&#8243; background_hover_color_opacity=&#8221;1&#8243; column_shadow=&#8221;none&#8221; width=&#8221;1\/2&#8243; tablet_text_alignment=&#8221;default&#8221; phone_text_alignment=&#8221;default&#8221; column_border_width=&#8221;none&#8221; column_border_style=&#8221;solid&#8221;][vc_column_text]\n<h2>Promijeni svoj svijet!<\/h2>\n<p>Sada je pravo vrijeme, salsa je pravo mjesto a <strong>salsa je pravi na\u010din<\/strong> da promijenimo svoj svijet. Na salsi mo\u017eemo razgovarati plesom, osjetiti muziku i prona\u0107i u sebi onu zaboravljenu kreativu koja nas tjera da dizajniramo jo\u0161 jednu neponovljivu kombinaciju pokreta, dru\u017eiti se, zabavljati se i plesati s ljudima koje nikada prije nismo upoznali, mo\u017eemo ostvariti kontakt bez straha i oplemeniti sebe svaki puta novim iskustvom, a sve \u0161to moramo u\u010diniti je se usudimo pitati drugu osobu: &#8216;Jesi li za ples?&#8217;.[\/vc_column_text][\/vc_column][vc_column column_padding=&#8221;padding-4-percent&#8221; column_padding_position=&#8221;all&#8221; background_color_opacity=&#8221;1&#8243; background_hover_color_opacity=&#8221;1&#8243; column_shadow=&#8221;none&#8221; width=&#8221;1\/2&#8243; tablet_text_alignment=&#8221;default&#8221; phone_text_alignment=&#8221;default&#8221; column_border_width=&#8221;none&#8221; column_border_style=&#8221;solid&#8221;][vc_column_text]\n<h2>Salsa nema granica<\/h2>\n<p>Salsa je mjesto gdje nestaju sve postoje\u0107e predrasude: rasne, vjerske, dobne, seksualne, financijske, kulturne\u2026 jer sve to nije va\u017eno ako \u017eeli\u0161 u\u017eivati u plesanju salse. Svatko ima pravo plesati salsu i pri tome u\u017eivati. Nije va\u017eno kakve cipele obu\u010de\u0161, kako si po\u010de\u0161ljao kosu, koliko godina ima\u0161, koliko dugo ple\u0161e\u0161, gdje si nau\u010dio plesati\u2026 Salsa je sloboda izra\u017eaja svakog plesa\u010da. Salsa nema granica.[\/vc_column_text][\/vc_column][\/vc_row][vc_row type=&#8221;full_width_background&#8221; full_screen_row_position=&#8221;middle&#8221; bg_color=&#8221;#f7f7f7&#8243; scene_position=&#8221;center&#8221; text_color=&#8221;dark&#8221; text_align=&#8221;left&#8221; top_padding=&#8221;50&#8243; bottom_padding=&#8221;100&#8243; overlay_strength=&#8221;0.3&#8243;][vc_column column_padding=&#8221;no-extra-padding&#8221; column_padding_position=&#8221;all&#8221; background_color_opacity=&#8221;1&#8243; background_hover_color_opacity=&#8221;1&#8243; column_shadow=&#8221;none&#8221; width=&#8221;1\/1&#8243; tablet_text_alignment=&#8221;default&#8221; phone_text_alignment=&#8221;default&#8221; column_border_width=&#8221;none&#8221; column_border_style=&#8221;solid&#8221;][vc_column_text]\n<h2><a href=\"http:\/\/suavecita.hr\/wrp\/vodic-za-friske-plesace\/\"><img loading=\"lazy\" class=\"size-medium wp-image-145 alignleft\" src=\"http:\/\/suavecita.hr\/wrp\/wp-content\/uploads\/2017\/09\/News-title-300x90.jpg\" alt=\"\" width=\"300\" height=\"90\" srcset=\"http:\/\/www.suavecita.hr\/wrp\/wp-content\/uploads\/2017\/09\/News-title-300x90.jpg 300w, http:\/\/www.suavecita.hr\/wrp\/wp-content\/uploads\/2017\/09\/News-title-768x230.jpg 768w, http:\/\/www.suavecita.hr\/wrp\/wp-content\/uploads\/2017\/09\/News-title-1024x307.jpg 1024w, http:\/\/www.suavecita.hr\/wrp\/wp-content\/uploads\/2017\/09\/News-title.jpg 1900w\" sizes=\"(max-width: 300px) 100vw, 300px\" \/><\/a>Smisao poha\u0111anja raznih plesnih grupa i te\u010dajeva je da se nau\u010di taj univerzalni jezik kojeg pri\u010daju u cijelom svijetu \u2013 ples \u2013 i da se njega \u2018razgovara\u2019 na salsa partijima, a ne samo u dvorani\u2026 Kako da skupite hrabrost pro\u010ditajte na blogu&nbsp;<a href=\"http:\/\/suavecita.hr\/wrp\/vodic-za-friske-plesace\/\">&#8216;Vodi\u010du za fri\u0161ke plesa\u010de&#8217;<\/a><\/h2>\n[\/vc_column_text][\/vc_column][\/vc_row]\n","protected":false},"excerpt":{"rendered":"<p>[vc_row type=&#8221;full_width_background&#8221; full_screen_row_position=&#8221;middle&#8221; bg_image=&#8221;166&#8243; bg_position=&#8221;left top&#8221; bg_repeat=&#8221;no-repeat&#8221; parallax_bg=&#8221;true&#8221; parallax_bg_speed=&#8221;fast&#8221; bg_color=&#8221;#333333&#8243; scene_position=&#8221;center&#8221; video_bg=&#8221;use_video&#8221; video_mute=&#8221;true&#8221; text_color=&#8221;light&#8221; text_align=&#8221;left&#8221; top_padding=&#8221;13%&#8221; bottom_padding=&#8221;13%&#8221; color_overlay=&#8221;#0a0a0a&#8221; overlay_strength=&#8221;0.5&#8243;][vc_column column_padding=&#8221;no-extra-padding&#8221; column_padding_position=&#8221;all&#8221; background_color_opacity=&#8221;1&#8243; background_hover_color_opacity=&#8221;1&#8243; column_shadow=&#8221;none&#8221; width=&#8221;1\/2&#8243; tablet_text_alignment=&#8221;default&#8221; phone_text_alignment=&#8221;default&#8221; column_border_width=&#8221;none&#8221; column_border_style=&#8221;solid&#8221;][vc_custom_heading text=&#8221;Salsa&#8230;<\/p>\n","protected":false},"author":1,"featured_media":0,"parent":0,"menu_order":0,"comment_status":"closed","ping_status":"closed","template":"","meta":[],"_links":{"self":[{"href":"http:\/\/www.suavecita.hr\/wrp\/wp-json\/wp\/v2\/pages\/233"}],"collection":[{"href":"http:\/\/www.suavecita.hr\/wrp\/wp-json\/wp\/v2\/pages"}],"about":[{"href":"http:\/\/www.suavecita.hr\/wrp\/wp-json\/wp\/v2\/types\/page"}],"author":[{"embeddable":true,"href":"http:\/\/www.suavecita.hr\/wrp\/wp-json\/wp\/v2\/users\/1"}],"replies":[{"embeddable":true,"href":"http:\/\/www.suavecita.hr\/wrp\/wp-json\/wp\/v2\/comments?post=233"}],"version-history":[{"count":23,"href":"http:\/\/www.suavecita.hr\/wrp\/wp-json\/wp\/v2\/pages\/233\/revisions"}],"predecessor-version":[{"id":710,"href":"http:\/\/www.suavecita.hr\/wrp\/wp-json\/wp\/v2\/pages\/233\/revisions\/710"}],"wp:attachment":[{"href":"http:\/\/www.suavecita.hr\/wrp\/wp-json\/wp\/v2\/media?parent=233"}],"curies":[{"name":"wp","href":"https:\/\/api.w.org\/{rel}","templated":true}]}}