{"id":226,"date":"2017-09-18T21:34:24","date_gmt":"2017-09-18T20:34:24","guid":{"rendered":"http:\/\/suavecita.hr\/wrp\/?page_id=226"},"modified":"2021-08-17T19:34:04","modified_gmt":"2021-08-17T18:34:04","slug":"salsa-lady-styling","status":"publish","type":"page","link":"http:\/\/www.suavecita.hr\/wrp\/salsa-lady-styling\/","title":{"rendered":"Salsa Lady Styling"},"content":{"rendered":"[vc_row type=&#8221;full_width_background&#8221; full_screen_row_position=&#8221;middle&#8221; bg_image=&#8221;28&#8243; bg_position=&#8221;left top&#8221; bg_repeat=&#8221;no-repeat&#8221; parallax_bg=&#8221;true&#8221; parallax_bg_speed=&#8221;fast&#8221; bg_color=&#8221;#333333&#8243; scene_position=&#8221;center&#8221; video_bg=&#8221;use_video&#8221; video_mute=&#8221;true&#8221; text_color=&#8221;light&#8221; text_align=&#8221;left&#8221; top_padding=&#8221;13%&#8221; bottom_padding=&#8221;13%&#8221; color_overlay=&#8221;#0a0a0a&#8221; overlay_strength=&#8221;0.5&#8243;][vc_column column_padding=&#8221;no-extra-padding&#8221; column_padding_position=&#8221;all&#8221; background_color_opacity=&#8221;1&#8243; background_hover_color_opacity=&#8221;1&#8243; column_shadow=&#8221;none&#8221; width=&#8221;1\/2&#8243; tablet_text_alignment=&#8221;default&#8221; phone_text_alignment=&#8221;default&#8221; column_border_width=&#8221;none&#8221; column_border_style=&#8221;solid&#8221;][vc_custom_heading text=&#8221;Salsa Lady Styling&#8221; font_container=&#8221;tag:h5|text_align:left|color:rgba(255%2C255%2C255%2C0.74)&#8221; use_theme_fonts=&#8221;yes&#8221; css_animation=&#8221;fadeInUp&#8221;][split_line_heading]\n<h2>Probudite senzualnu<\/h2>\n<h2>ljepoticu u sebi&#8230;<\/h2>\n[\/split_line_heading][vc_row_inner column_margin=&#8221;default&#8221; text_align=&#8221;left&#8221;][vc_column_inner enable_animation=&#8221;true&#8221; animation=&#8221;fade-in-from-bottom&#8221; column_padding=&#8221;no-extra-padding&#8221; column_padding_position=&#8221;all&#8221; background_color_opacity=&#8221;1&#8243; width=&#8221;5\/6&#8243; column_border_width=&#8221;none&#8221; column_border_style=&#8221;solid&#8221; delay=&#8221;300&#8243;][vc_custom_heading text=&#8221;Izgradite samopouzdanje, nau\u010dite u\u017eivati u senzualnim pokretima i muzici, vje\u017ebajte svoje tijelo i pri tome se dobro zabavite&#8230;&#8221; font_container=&#8221;tag:p|text_align:left|color:rgba(255%2C255%2C255%2C0.7)&#8221; use_theme_fonts=&#8221;yes&#8221;][\/vc_column_inner][vc_column_inner column_padding=&#8221;no-extra-padding&#8221; column_padding_position=&#8221;all&#8221; background_color_opacity=&#8221;1&#8243; width=&#8221;1\/6&#8243; column_border_width=&#8221;none&#8221; column_border_style=&#8221;solid&#8221;][\/vc_column_inner][\/vc_row_inner][\/vc_column][vc_column column_padding=&#8221;no-extra-padding&#8221; column_padding_position=&#8221;all&#8221; background_color_opacity=&#8221;1&#8243; background_hover_color_opacity=&#8221;1&#8243; column_shadow=&#8221;none&#8221; width=&#8221;1\/2&#8243; tablet_text_alignment=&#8221;default&#8221; phone_text_alignment=&#8221;default&#8221; column_border_width=&#8221;none&#8221; column_border_style=&#8221;solid&#8221;][\/vc_column][\/vc_row][vc_row type=&#8221;in_container&#8221; full_screen_row_position=&#8221;middle&#8221; scene_position=&#8221;center&#8221; text_color=&#8221;dark&#8221; text_align=&#8221;left&#8221; overlay_strength=&#8221;0.3&#8243;][vc_column column_padding=&#8221;no-extra-padding&#8221; column_padding_position=&#8221;all&#8221; background_color_opacity=&#8221;1&#8243; background_hover_color_opacity=&#8221;1&#8243; column_shadow=&#8221;none&#8221; width=&#8221;1\/1&#8243; tablet_text_alignment=&#8221;default&#8221; phone_text_alignment=&#8221;default&#8221; column_border_width=&#8221;none&#8221; column_border_style=&#8221;solid&#8221;]<div class=\"divider-wrap\"><div style=\"height: 50px;\" class=\"divider\"><\/div><\/div>[\/vc_column][\/vc_row][vc_row type=&#8221;in_container&#8221; full_screen_row_position=&#8221;middle&#8221; scene_position=&#8221;center&#8221; text_color=&#8221;dark&#8221; text_align=&#8221;left&#8221; overlay_strength=&#8221;0.3&#8243;][vc_column column_padding=&#8221;padding-10-percent&#8221; column_padding_position=&#8221;right&#8221; background_color_opacity=&#8221;1&#8243; background_hover_color_opacity=&#8221;1&#8243; column_shadow=&#8221;none&#8221; width=&#8221;1\/1&#8243; tablet_text_alignment=&#8221;default&#8221; phone_text_alignment=&#8221;default&#8221; column_border_width=&#8221;none&#8221; column_border_style=&#8221;solid&#8221;][vc_row_inner column_margin=&#8221;default&#8221; text_align=&#8221;left&#8221;][vc_column_inner column_padding=&#8221;padding-8-percent&#8221; column_padding_position=&#8221;right&#8221; background_color_opacity=&#8221;1&#8243; width=&#8221;1\/2&#8243; column_border_width=&#8221;none&#8221; column_border_style=&#8221;solid&#8221;][vc_column_text]\n<h1>\u0160to je lady styling?<\/h1>\n<p>Lady Styling sat je sat salse napravljen samo za djevojke na kojem se u\u010de koraci i pokreti salse bez partnera. Svaki pokret koji se u\u010di i ple\u0161e zapravo poma\u017ee plesa\u010dici da bude br\u017ea, okretnija i spretnija! \ud83d\ude42<\/p>\n<p>I ne, ne trebate biti napredna plesa\u010dica da biste i\u0161le na satove Lady Stylinga, ve\u0107 \u0107e vas\u00a0<strong>satovi lady stylinga\u00a0u\u010diniti naprednijom plesa\u010dicom<\/strong>.<\/p>\n<p>Ako ste po\u010deli u\u010diti plesati salsu u paru, ve\u0107inom se koncentrirate samo na plesanje koraka i pra\u0107anje figura. Korak dalje u u\u010denju je dodavanje pokreta ostalih dijelova tijela u plesu kako bi tehnika plesa bila pobolj\u0161ana, sam <strong>ples izgledao ljep\u0161i i senzualniji<\/strong> te kako bi i djevojke mogle pridonijeti kvaliteti plesa i na taj na\u010din mogle izraziti sebe kroz muziku na koju ple\u0161u.<\/p>\n<p>Lady Styling pokreti mogu biti inspirirani razli\u010ditim vrstama plesa (<em>flamenco, tango, trbu\u0161ni ples, \u00a0jazz dance<\/em>), no najve\u0107a pa\u017enja posve\u0107uje se elegantnim kubanskim i afro pokretima nogu, kukova, ramena i ruku.[\/vc_column_text][\/vc_column_inner][vc_column_inner column_padding=&#8221;no-extra-padding&#8221; column_padding_position=&#8221;all&#8221; background_color_opacity=&#8221;1&#8243; width=&#8221;1\/2&#8243; column_border_width=&#8221;none&#8221; column_border_style=&#8221;solid&#8221;][vc_custom_heading text=&#8221;Informacije o grupi&#8221; font_container=&#8221;tag:h2|text_align:left|color:%23eb238e&#8221; use_theme_fonts=&#8221;yes&#8221;]<div class=\"nectar-fancy-ul\" data-list-icon=\"icon-salient-thin-line\" data-animation=\"false\" data-animation-delay=\"0\" data-color=\"accent-color\" data-alignment=\"left\"> \n<ul>\n<li><span style=\"color: #eb238e;\"><strong>Termin<\/strong>: &#8211;<\/span><\/li>\n<li><span style=\"color: #eb238e;\"><strong>Lokacija<\/strong>: &#8211;<\/span><\/li>\n<li><span style=\"color: #eb238e;\"><strong>Voditeljica<\/strong>:\u00a0Tajana Varunek<\/span><\/li>\n<li><span style=\"color: #eb238e;\"><strong>Plesni stil<\/strong>: Salsa On2 New York Style\/Mambo<\/span><\/li>\n<li><span style=\"color: #eb238e;\"><strong>Level<\/strong>: Open<\/span><\/li>\n<li><span style=\"color: #eb238e;\"><strong>Po\u010detak<\/strong>: TBA<\/span><\/li>\n<\/ul>\n <\/div>[nectar_btn size=&#8221;small&#8221; open_new_tab=&#8221;true&#8221; button_style=&#8221;regular&#8221; button_color_2=&#8221;Accent-Color&#8221; icon_family=&#8221;none&#8221; url=&#8221;https:\/\/goo.gl\/tVHu1Q&#8221; text=&#8221;Prijavi se&#8221; margin_left=&#8221;10&#8243;]<div class=\"divider-wrap\"><div style=\"margin-top: 10px; height: 1px; margin-bottom: 10px;\" data-width=\"100%\" data-animate=\"\" data-animation-delay=\"\" data-color=\"accent-color\" class=\"divider-border\"><\/div><\/div>[vc_column_text]<a href=\"http:\/\/suavecita.hr\/wrp\/tajana\/\"><img loading=\"lazy\" class=\"size-medium wp-image-65 alignleft\" src=\"http:\/\/suavecita.hr\/wrp\/wp-content\/uploads\/2017\/09\/Tajana-cutout-02-178x300.png\" alt=\"\" width=\"178\" height=\"300\" srcset=\"http:\/\/www.suavecita.hr\/wrp\/wp-content\/uploads\/2017\/09\/Tajana-cutout-02-178x300.png 178w, http:\/\/www.suavecita.hr\/wrp\/wp-content\/uploads\/2017\/09\/Tajana-cutout-02.png 555w\" sizes=\"(max-width: 178px) 100vw, 178px\" \/><\/a><span style=\"color: #eb238e;\"><strong>Tajana Varunek<\/strong><\/span><br \/>\n<span style=\"color: #eb238e;\"><em>Voditeljica plesne \u0161kole<\/em><\/span><\/p>\n<p><span style=\"color: #eb238e;\">Na plesnom podiju o\u010darat \u0107e vas svojim \u0161irokim osmijehom, senzualnim pokretima, visokim \u0161tiklama i neiscrpnom energijom. Ona \u017eivi svaku plesnu sekundu i zarazit \u0107e vas svojom ljubavlju prema plesu, glazbi i pokretu.<\/span>[\/vc_column_text]<div class=\"divider-wrap\"><div style=\"height: 20px;\" class=\"divider\"><\/div><\/div>[nectar_btn size=&#8221;small&#8221; open_new_tab=&#8221;true&#8221; button_style=&#8221;regular&#8221; button_color_2=&#8221;Accent-Color&#8221; icon_family=&#8221;none&#8221; url=&#8221;http:\/\/suavecita.hr\/wrp\/tajana\/&#8221; text=&#8221;Upoznaj Tajanu&#8221; margin_left=&#8221;10&#8243;][\/vc_column_inner][\/vc_row_inner][\/vc_column][\/vc_row][vc_row type=&#8221;full_width_background&#8221; full_screen_row_position=&#8221;middle&#8221; bg_color=&#8221;#f7f7f7&#8243; scene_position=&#8221;center&#8221; text_color=&#8221;dark&#8221; text_align=&#8221;left&#8221; top_padding=&#8221;50&#8243; bottom_padding=&#8221;50&#8243; overlay_strength=&#8221;0.3&#8243;][vc_column column_padding=&#8221;no-extra-padding&#8221; column_padding_position=&#8221;all&#8221; background_color_opacity=&#8221;1&#8243; background_hover_color_opacity=&#8221;1&#8243; column_shadow=&#8221;none&#8221; width=&#8221;1\/1&#8243; tablet_text_alignment=&#8221;default&#8221; phone_text_alignment=&#8221;default&#8221; column_border_width=&#8221;none&#8221; column_border_style=&#8221;solid&#8221;][vc_column_text]\n<h2><em><span style=\"color: #e61f8a;\">Probudite \u017eenu u sebi, izgradite samopouzdanje, nau\u010dite u\u017eivati u senzualnim pokretima i muzici, vje\u017ebajte svoje tijelo i pri tome se dobro zabavite.<\/span><\/em><\/h2>\n[\/vc_column_text][\/vc_column][\/vc_row][vc_row type=&#8221;in_container&#8221; full_screen_row_position=&#8221;middle&#8221; scene_position=&#8221;center&#8221; text_color=&#8221;dark&#8221; text_align=&#8221;left&#8221; top_padding=&#8221;50&#8243; overlay_strength=&#8221;0.3&#8243;][vc_column column_padding=&#8221;padding-4-percent&#8221; column_padding_position=&#8221;right&#8221; background_color_opacity=&#8221;1&#8243; background_hover_color_opacity=&#8221;1&#8243; column_shadow=&#8221;none&#8221; width=&#8221;2\/3&#8243; tablet_text_alignment=&#8221;default&#8221; phone_text_alignment=&#8221;default&#8221; column_border_width=&#8221;none&#8221; column_border_style=&#8221;solid&#8221;][vc_custom_heading text=&#8221;Cilj u\u010denja Lady Stylinga&#8221; use_theme_fonts=&#8221;yes&#8221;][vc_column_text]<strong>\u2026je pobolj\u0161ati tehniku kretanja i uloge pra\u0107enja te uljep\u0161ati va\u0161 na\u010din plesanja<\/strong>. Ukrasite plesne figure lady stylingom i osvojte plesni podij! <strong>Izrazite svoju osobnost i \u017eenstvenost<\/strong> kroz <strong>senzualne<\/strong> pokrete na muziku.<\/p>\n<p>Satovi lady stylinga orijentirani su na u\u010denje pravilnog dr\u017eanja tijela i ruku, pravilnog kori\u0161tenja koraka, vje\u017ebanje balansa, vje\u017ebanje izolacija tijela i tehnike spinova, ukra\u0161avanja figura u plesu,\u00a0ladies shines\/footwork, elegantni pokreti ruku, dodavanje\u00a0<em>body movementa<\/em>,\u00a0<em>shimmies<\/em>\u00a0i\u00a0<em>body rolls<\/em>\u00a0u ples\u2026[\/vc_column_text][\/vc_column][vc_column column_padding=&#8221;no-extra-padding&#8221; column_padding_position=&#8221;all&#8221; background_color_opacity=&#8221;1&#8243; background_hover_color_opacity=&#8221;1&#8243; column_shadow=&#8221;none&#8221; width=&#8221;1\/3&#8243; tablet_text_alignment=&#8221;default&#8221; phone_text_alignment=&#8221;default&#8221; column_border_width=&#8221;none&#8221; column_border_style=&#8221;solid&#8221;][vc_custom_heading text=&#8221;Postani istinska \u017eena&#8221; use_theme_fonts=&#8221;yes&#8221;][vc_column_text]\n<ul>\n<li>samopouzdana<\/li>\n<li>opu\u0161tena<\/li>\n<li>zavodljiva i\u00a0\u017eenstvena<\/li>\n<li>prilagodljiva<\/li>\n<li>lijepa i\u00a0\u0161armantna<\/li>\n<li>povjerljiva i sigurna u sebe<\/li>\n<\/ul>\n[\/vc_column_text][\/vc_column][\/vc_row][vc_row type=&#8221;full_width_background&#8221; full_screen_row_position=&#8221;middle&#8221; bg_color=&#8221;#f7f7f7&#8243; scene_position=&#8221;center&#8221; text_color=&#8221;dark&#8221; text_align=&#8221;left&#8221; top_padding=&#8221;50&#8243; bottom_padding=&#8221;50&#8243; overlay_strength=&#8221;0.3&#8243;][vc_column column_padding=&#8221;no-extra-padding&#8221; column_padding_position=&#8221;all&#8221; background_color_opacity=&#8221;1&#8243; background_hover_color_opacity=&#8221;1&#8243; column_shadow=&#8221;none&#8221; width=&#8221;1\/1&#8243; tablet_text_alignment=&#8221;default&#8221; phone_text_alignment=&#8221;default&#8221; column_border_width=&#8221;none&#8221; column_border_style=&#8221;solid&#8221;][vc_column_text]\n<h2><span style=\"color: #e61f8a;\">U\u010denjem <em>lady stylinga<\/em> raste va\u0161e plesno samopouzdanje i raste va\u0161a sloboda u interpretaciji glazbe.<\/span><\/h2>\n[\/vc_column_text][\/vc_column][\/vc_row][vc_row type=&#8221;in_container&#8221; full_screen_row_position=&#8221;middle&#8221; scene_position=&#8221;center&#8221; text_color=&#8221;dark&#8221; text_align=&#8221;left&#8221; top_padding=&#8221;50&#8243; overlay_strength=&#8221;0.3&#8243;][vc_column column_padding=&#8221;no-extra-padding&#8221; column_padding_position=&#8221;all&#8221; background_color_opacity=&#8221;1&#8243; background_hover_color_opacity=&#8221;1&#8243; column_shadow=&#8221;none&#8221; width=&#8221;1\/1&#8243; tablet_text_alignment=&#8221;default&#8221; phone_text_alignment=&#8221;default&#8221; column_border_width=&#8221;none&#8221; column_border_style=&#8221;solid&#8221;][vc_row_inner column_margin=&#8221;default&#8221; text_align=&#8221;left&#8221;][vc_column_inner column_padding=&#8221;no-extra-padding&#8221; column_padding_position=&#8221;all&#8221; background_color_opacity=&#8221;1&#8243; width=&#8221;2\/3&#8243; column_border_width=&#8221;none&#8221; column_border_style=&#8221;solid&#8221;][vc_column_text]\n<h2>Za\u0161to poha\u0111ati satove lady stylinga?<\/h2>\n<p>Pravilno dr\u017eanje tijela i ruku, pravilni koraci stopala i dr\u017eanje balansa preduvjet su za pravilno pra\u0107enje figura u plesanju salse.\u00a0<strong>U\u010denje i vje\u017ebanje tih stvari prvi su koraci prema cilju da postanete dobra plesa\u010dica.<\/strong>\u00a0Ukra\u0161avanje figura u plesanju u paru je va\u0161 osobni doprinos plesu (po\u0161to mu\u0161ki dio para bira koje se figure ple\u0161u) koji je \u010desto povezan s interpretacijom\u00a0muzike. Poznavanje <em>ladies shines\/footwork<\/em> dozvoljava vam da u dijelovima plesanja kada niste povezani u paru izrazite plesom svoj do\u017eivljaj muzike.[\/vc_column_text][\/vc_column_inner][vc_column_inner column_padding=&#8221;no-extra-padding&#8221; column_padding_position=&#8221;all&#8221; background_color_opacity=&#8221;1&#8243; width=&#8221;1\/3&#8243; column_border_width=&#8221;none&#8221; column_border_style=&#8221;solid&#8221;][\/vc_column_inner][\/vc_row_inner][\/vc_column][\/vc_row][vc_row type=&#8221;full_width_background&#8221; full_screen_row_position=&#8221;middle&#8221; bg_color=&#8221;#f7f7f7&#8243; scene_position=&#8221;center&#8221; text_color=&#8221;dark&#8221; text_align=&#8221;left&#8221; top_padding=&#8221;50&#8243; bottom_padding=&#8221;100&#8243; overlay_strength=&#8221;0.3&#8243;][vc_column column_padding=&#8221;no-extra-padding&#8221; column_padding_position=&#8221;all&#8221; background_color_opacity=&#8221;1&#8243; background_hover_color_opacity=&#8221;1&#8243; column_shadow=&#8221;none&#8221; width=&#8221;1\/1&#8243; tablet_text_alignment=&#8221;default&#8221; phone_text_alignment=&#8221;default&#8221; column_border_width=&#8221;none&#8221; column_border_style=&#8221;solid&#8221;][vc_column_text]\n<h2><em><a href=\"http:\/\/suavecita.hr\/wrp\/stikle-na-ples-ili-ne\/\"><img loading=\"lazy\" class=\"wp-image-145 size-medium alignleft\" src=\"http:\/\/suavecita.hr\/wrp\/wp-content\/uploads\/2017\/09\/News-title-300x90.jpg\" alt=\"\" width=\"300\" height=\"90\" srcset=\"http:\/\/www.suavecita.hr\/wrp\/wp-content\/uploads\/2017\/09\/News-title-300x90.jpg 300w, http:\/\/www.suavecita.hr\/wrp\/wp-content\/uploads\/2017\/09\/News-title-768x230.jpg 768w, http:\/\/www.suavecita.hr\/wrp\/wp-content\/uploads\/2017\/09\/News-title-1024x307.jpg 1024w, http:\/\/www.suavecita.hr\/wrp\/wp-content\/uploads\/2017\/09\/News-title.jpg 1900w\" sizes=\"(max-width: 300px) 100vw, 300px\" \/><\/a>Da li su potrebne plesne cipele za ples, da li plesati u petama ili ne, kako odabrati plesne cipele i visinu pete,&#8230; sve savjete pro\u010ditajte na blogu\u00a0<a href=\"http:\/\/suavecita.hr\/wrp\/stikle-na-ples-ili-ne\/\">&#8216;\u0160tikle na ples ili ne?&#8217;<\/a><\/em><\/h2>\n[\/vc_column_text][\/vc_column][\/vc_row]\n","protected":false},"excerpt":{"rendered":"<p>[vc_row type=&#8221;full_width_background&#8221; full_screen_row_position=&#8221;middle&#8221; bg_image=&#8221;28&#8243; bg_position=&#8221;left top&#8221; bg_repeat=&#8221;no-repeat&#8221; parallax_bg=&#8221;true&#8221; parallax_bg_speed=&#8221;fast&#8221; bg_color=&#8221;#333333&#8243; scene_position=&#8221;center&#8221; video_bg=&#8221;use_video&#8221; video_mute=&#8221;true&#8221; text_color=&#8221;light&#8221; text_align=&#8221;left&#8221; top_padding=&#8221;13%&#8221; bottom_padding=&#8221;13%&#8221; color_overlay=&#8221;#0a0a0a&#8221; overlay_strength=&#8221;0.5&#8243;][vc_column column_padding=&#8221;no-extra-padding&#8221; column_padding_position=&#8221;all&#8221; background_color_opacity=&#8221;1&#8243; background_hover_color_opacity=&#8221;1&#8243; column_shadow=&#8221;none&#8221; width=&#8221;1\/2&#8243; tablet_text_alignment=&#8221;default&#8221; phone_text_alignment=&#8221;default&#8221; column_border_width=&#8221;none&#8221; column_border_style=&#8221;solid&#8221;][vc_custom_heading text=&#8221;Salsa&#8230;<\/p>\n","protected":false},"author":1,"featured_media":0,"parent":0,"menu_order":0,"comment_status":"closed","ping_status":"closed","template":"","meta":[],"_links":{"self":[{"href":"http:\/\/www.suavecita.hr\/wrp\/wp-json\/wp\/v2\/pages\/226"}],"collection":[{"href":"http:\/\/www.suavecita.hr\/wrp\/wp-json\/wp\/v2\/pages"}],"about":[{"href":"http:\/\/www.suavecita.hr\/wrp\/wp-json\/wp\/v2\/types\/page"}],"author":[{"embeddable":true,"href":"http:\/\/www.suavecita.hr\/wrp\/wp-json\/wp\/v2\/users\/1"}],"replies":[{"embeddable":true,"href":"http:\/\/www.suavecita.hr\/wrp\/wp-json\/wp\/v2\/comments?post=226"}],"version-history":[{"count":30,"href":"http:\/\/www.suavecita.hr\/wrp\/wp-json\/wp\/v2\/pages\/226\/revisions"}],"predecessor-version":[{"id":712,"href":"http:\/\/www.suavecita.hr\/wrp\/wp-json\/wp\/v2\/pages\/226\/revisions\/712"}],"wp:attachment":[{"href":"http:\/\/www.suavecita.hr\/wrp\/wp-json\/wp\/v2\/media?parent=226"}],"curies":[{"name":"wp","href":"https:\/\/api.w.org\/{rel}","templated":true}]}}