{"id":160,"date":"2017-09-17T16:27:49","date_gmt":"2017-09-17T16:27:49","guid":{"rendered":"http:\/\/suavecita.hr\/wrp\/?page_id=160"},"modified":"2021-08-17T19:45:48","modified_gmt":"2021-08-17T18:45:48","slug":"o-skoli","status":"publish","type":"page","link":"http:\/\/www.suavecita.hr\/wrp\/o-skoli\/","title":{"rendered":"O \u0161koli"},"content":{"rendered":"[vc_row type=&#8221;full_width_background&#8221; full_screen_row_position=&#8221;middle&#8221; bg_image=&#8221;474&#8243; bg_position=&#8221;center center&#8221; bg_repeat=&#8221;no-repeat&#8221; scene_position=&#8221;center&#8221; text_color=&#8221;light&#8221; text_align=&#8221;left&#8221; top_padding=&#8221;10%&#8221; bottom_padding=&#8221;10%&#8221; overlay_strength=&#8221;0.3&#8243;][vc_column column_padding=&#8221;no-extra-padding&#8221; column_padding_position=&#8221;all&#8221; background_color_opacity=&#8221;1&#8243; background_hover_color_opacity=&#8221;1&#8243; column_shadow=&#8221;none&#8221; width=&#8221;1\/1&#8243; tablet_text_alignment=&#8221;default&#8221; phone_text_alignment=&#8221;default&#8221; column_border_width=&#8221;none&#8221; column_border_style=&#8221;solid&#8221;][vc_row_inner column_margin=&#8221;default&#8221; text_align=&#8221;left&#8221;][vc_column_inner enable_animation=&#8221;true&#8221; animation=&#8221;fade-in-from-bottom&#8221; column_padding=&#8221;no-extra-padding&#8221; column_padding_position=&#8221;all&#8221; background_color_opacity=&#8221;0.3&#8243; width=&#8221;2\/3&#8243; column_border_width=&#8221;none&#8221; column_border_style=&#8221;solid&#8221;][vc_column_text css_animation=&#8221;fadeIn&#8221;]\n<h2>Dance studio Suavecita<\/h2>\n[\/vc_column_text][vc_custom_heading text=&#8221;Do it with style!&#8221; font_container=&#8221;tag:h1|font_size:48|text_align:left&#8221; use_theme_fonts=&#8221;yes&#8221;][\/vc_column_inner][vc_column_inner column_padding=&#8221;no-extra-padding&#8221; column_padding_position=&#8221;all&#8221; background_color_opacity=&#8221;1&#8243; width=&#8221;1\/3&#8243; column_border_width=&#8221;none&#8221; column_border_style=&#8221;solid&#8221;][\/vc_column_inner][\/vc_row_inner][vc_row_inner column_margin=&#8221;default&#8221; top_padding=&#8221;20&#8243; text_align=&#8221;left&#8221;][vc_column_inner enable_animation=&#8221;true&#8221; animation=&#8221;fade-in-from-bottom&#8221; column_padding=&#8221;padding-3-percent&#8221; column_padding_position=&#8221;all&#8221; centered_text=&#8221;true&#8221; background_color_opacity=&#8221;1&#8243; width=&#8221;1\/6&#8243; column_border_width=&#8221;none&#8221; column_border_style=&#8221;solid&#8221;][vc_column_text css_animation=&#8221;fadeInUp&#8221;]\n<h2>Smooth<\/h2>\n[\/vc_column_text][nectar_icon icon_family=&#8221;iconsmind&#8221; icon_style=&#8221;default&#8221; icon_color=&#8221;white&#8221; icon_padding=&#8221;20px&#8221; icon_iconsmind=&#8221;iconsmind-Diamond&#8221;][\/vc_column_inner][vc_column_inner enable_animation=&#8221;true&#8221; animation=&#8221;fade-in-from-bottom&#8221; column_padding=&#8221;padding-3-percent&#8221; column_padding_position=&#8221;all&#8221; centered_text=&#8221;true&#8221; background_color_opacity=&#8221;1&#8243; width=&#8221;1\/6&#8243; column_border_width=&#8221;none&#8221; column_border_style=&#8221;solid&#8221;][vc_column_text css_animation=&#8221;fadeInUp&#8221;]\n<h2>Passion<\/h2>\n[\/vc_column_text][nectar_icon icon_family=&#8221;iconsmind&#8221; icon_style=&#8221;default&#8221; icon_color=&#8221;white&#8221; icon_padding=&#8221;20px&#8221; icon_iconsmind=&#8221;iconsmind-Heart2&#8243;][\/vc_column_inner][vc_column_inner enable_animation=&#8221;true&#8221; animation=&#8221;fade-in-from-bottom&#8221; column_padding=&#8221;padding-3-percent&#8221; column_padding_position=&#8221;all&#8221; centered_text=&#8221;true&#8221; background_color_opacity=&#8221;1&#8243; width=&#8221;1\/6&#8243; column_border_width=&#8221;none&#8221; column_border_style=&#8221;solid&#8221;][vc_column_text css_animation=&#8221;fadeInUp&#8221;]\n<h2>Elegant<\/h2>\n[\/vc_column_text][nectar_icon icon_family=&#8221;iconsmind&#8221; icon_style=&#8221;default&#8221; icon_color=&#8221;white&#8221; icon_padding=&#8221;20px&#8221; icon_iconsmind=&#8221;iconsmind-Quill-3&#8243;][\/vc_column_inner][vc_column_inner column_padding=&#8221;no-extra-padding&#8221; column_padding_position=&#8221;all&#8221; background_color_opacity=&#8221;1&#8243; width=&#8221;1\/2&#8243; column_border_width=&#8221;none&#8221; column_border_style=&#8221;solid&#8221;][\/vc_column_inner][\/vc_row_inner]<div class=\"divider-wrap\"><div style=\"height: 50px;\" class=\"divider\"><\/div><\/div>[\/vc_column][\/vc_row][vc_row type=&#8221;in_container&#8221; full_screen_row_position=&#8221;middle&#8221; scene_position=&#8221;center&#8221; text_color=&#8221;dark&#8221; text_align=&#8221;left&#8221; top_padding=&#8221;100&#8243; bottom_padding=&#8221;100&#8243; overlay_strength=&#8221;0.3&#8243;][vc_column column_padding=&#8221;padding-6-percent&#8221; column_padding_position=&#8221;right&#8221; background_color_opacity=&#8221;1&#8243; background_hover_color_opacity=&#8221;1&#8243; column_shadow=&#8221;none&#8221; width=&#8221;1\/3&#8243; tablet_text_alignment=&#8221;default&#8221; phone_text_alignment=&#8221;default&#8221; column_border_width=&#8221;none&#8221; column_border_style=&#8221;solid&#8221;]<div class=\"img-with-aniamtion-wrap \" data-max-width=\"100%\"><div class=\"inner\"><img data-shadow=\"none\" data-shadow-direction=\"middle\" class=\"img-with-animation \" data-delay=\"0\" height=\"897\" width=\"460\" data-animation=\"fade-in\" src=\"http:\/\/www.suavecita.hr\/wrp\/wp-content\/uploads\/2017\/09\/Tajana-Goran-cutout.png\" srcset=\"http:\/\/www.suavecita.hr\/wrp\/wp-content\/uploads\/2017\/09\/Tajana-Goran-cutout.png 460w, http:\/\/www.suavecita.hr\/wrp\/wp-content\/uploads\/2017\/09\/Tajana-Goran-cutout-154x300.png 154w\" sizes=\"100vw\" alt=\"\" \/><\/div><\/div>[\/vc_column][vc_column column_padding=&#8221;no-extra-padding&#8221; column_padding_position=&#8221;all&#8221; background_color_opacity=&#8221;1&#8243; background_hover_color_opacity=&#8221;1&#8243; column_shadow=&#8221;none&#8221; width=&#8221;2\/3&#8243; tablet_text_alignment=&#8221;default&#8221; phone_text_alignment=&#8221;default&#8221; column_border_width=&#8221;none&#8221; column_border_style=&#8221;solid&#8221;]<div class=\"divider-wrap\"><div style=\"height: 25px;\" class=\"divider\"><\/div><\/div>[vc_column_text]<img loading=\"lazy\" class=\"alignnone size-full wp-image-303\" src=\"http:\/\/suavecita.hr\/wrp\/wp-content\/uploads\/2017\/09\/pronounce2.png\" alt=\"\" width=\"994\" height=\"302\" srcset=\"http:\/\/www.suavecita.hr\/wrp\/wp-content\/uploads\/2017\/09\/pronounce2.png 994w, http:\/\/www.suavecita.hr\/wrp\/wp-content\/uploads\/2017\/09\/pronounce2-300x91.png 300w, http:\/\/www.suavecita.hr\/wrp\/wp-content\/uploads\/2017\/09\/pronounce2-768x233.png 768w\" sizes=\"(max-width: 994px) 100vw, 994px\" \/>[\/vc_column_text][vc_column_text]<span style=\"color: #eb238e;\"><em>Ugla\u0111ena, nje\u017ena, \u0161armantna, samopouzdana i otmjena, ba\u0161 kakva je i salsa u svojoj su\u0161tini.<\/em><\/span>[\/vc_column_text]<div class=\"divider-wrap\"><div style=\"height: 10px;\" class=\"divider\"><\/div><\/div>[vc_column_text]Plesni studio <strong>Suavecita<\/strong> je plesni studio u Zaagrebu kojeg vodi <a href=\"http:\/\/suavecita.hr\/wrp\/tajana\/\"><strong>Tajana Varunek,<\/strong><\/a> koja je ve\u0107 odgojila mnogo generacija plesa\u010da i posljednjih 17. godina stvarala zagreba\u010dku i hrvatsku plesnu scenu.<\/p>\n<p>Naglasak je stavljen na u\u010denju plesanja <strong>Salse On2 New York stila i Mamba<\/strong>, popularne &#8216;dvojke&#8217;, te u\u010denju \u017eenstvenih i vatrenih pokreta u salsi tzv. <strong>lady stylinga<\/strong> za djevojke.[\/vc_column_text]<div class=\"divider-wrap\"><div style=\"height: 40px;\" class=\"divider\"><\/div><\/div>[nectar_btn size=&#8221;small&#8221; button_style=&#8221;regular&#8221; button_color_2=&#8221;Accent-Color&#8221; icon_family=&#8221;none&#8221; url=&#8221;https:\/\/www.suavecita.hr\/wrp\/tajana\/&#8221; text=&#8221;Upoznajte Tajanu&#8230;&#8221;][\/vc_column][\/vc_row][vc_row type=&#8221;in_container&#8221; full_screen_row_position=&#8221;middle&#8221; scene_position=&#8221;center&#8221; text_color=&#8221;dark&#8221; text_align=&#8221;left&#8221; bottom_padding=&#8221;100&#8243; overlay_strength=&#8221;0.3&#8243;][vc_column column_padding=&#8221;padding-10-percent&#8221; column_padding_position=&#8221;right&#8221; background_color_opacity=&#8221;1&#8243; background_hover_color_opacity=&#8221;1&#8243; column_shadow=&#8221;none&#8221; width=&#8221;1\/3&#8243; tablet_text_alignment=&#8221;default&#8221; phone_text_alignment=&#8221;default&#8221; column_border_width=&#8221;none&#8221; column_border_style=&#8221;solid&#8221;][vc_custom_heading text=&#8221;Our excellence&#8221; use_theme_fonts=&#8221;yes&#8221;]\r\n\t<div class=\"nectar-progress-bar\">\r\n\t\t<p>Iskustvo u podu\u010davanju<\/p>\r\n\t\t<div class=\"bar-wrap\"><span class=\"accent-color\" data-width=\"100\"> <strong><i>100<\/i>%<\/strong> <\/span><\/div>\r\n\t<\/div>\r\n\t<div class=\"nectar-progress-bar\">\r\n\t\t<p>Profesionalnost<\/p>\r\n\t\t<div class=\"bar-wrap\"><span class=\"accent-color\" data-width=\"100\"> <strong><i>100<\/i>%<\/strong> <\/span><\/div>\r\n\t<\/div>\r\n\t<div class=\"nectar-progress-bar\">\r\n\t\t<p>Znanje<\/p>\r\n\t\t<div class=\"bar-wrap\"><span class=\"accent-color\" data-width=\"100\"> <strong><i>100<\/i>%<\/strong> <\/span><\/div>\r\n\t<\/div>\r\n\t<div class=\"nectar-progress-bar\">\r\n\t\t<p>Individualni pristup<\/p>\r\n\t\t<div class=\"bar-wrap\"><span class=\"accent-color\" data-width=\"100\"> <strong><i>100<\/i>%<\/strong> <\/span><\/div>\r\n\t<\/div>\r\n\t<div class=\"nectar-progress-bar\">\r\n\t\t<p>Zabavna atmosfera<\/p>\r\n\t\t<div class=\"bar-wrap\"><span class=\"accent-color\" data-width=\"100\"> <strong><i>100<\/i>%<\/strong> <\/span><\/div>\r\n\t<\/div>\r\n\t<div class=\"nectar-progress-bar\">\r\n\t\t<p>Jasno obja\u0161njavanje<\/p>\r\n\t\t<div class=\"bar-wrap\"><span class=\"accent-color\" data-width=\"100\"> <strong><i>100<\/i>%<\/strong> <\/span><\/div>\r\n\t<\/div>\r\n\t<div class=\"nectar-progress-bar\">\r\n\t\t<p>Kvalitetna poduka<\/p>\r\n\t\t<div class=\"bar-wrap\"><span class=\"accent-color\" data-width=\"100\"> <strong><i>100<\/i>%<\/strong> <\/span><\/div>\r\n\t<\/div>[\/vc_column][vc_column column_padding=&#8221;no-extra-padding&#8221; column_padding_position=&#8221;all&#8221; background_color_opacity=&#8221;1&#8243; background_hover_color_opacity=&#8221;1&#8243; column_shadow=&#8221;none&#8221; width=&#8221;2\/3&#8243; tablet_text_alignment=&#8221;default&#8221; phone_text_alignment=&#8221;default&#8221; column_border_width=&#8221;none&#8221; column_border_style=&#8221;solid&#8221;][vc_custom_heading text=&#8221;Ples u nama budi istinsko bi\u0107e&#8221; use_theme_fonts=&#8221;yes&#8221;][vc_column_text]<em>&#8220;Sna\u017ena \u017eena i vje\u010dni dje\u010darac: Jesu li mu\u0161karci i \u017eene zamijenili uloge?<\/em><br \/>\n<em>\u017dene su tijekom stoljetne borbe za ravnopravnost spolova uspjele susti\u0107i mu\u0161karce i dokazati da im mogu parirati na svim razinama. Mu\u0161karci, pak, nisu odustajali od svoje povla\u0161tene uloge. Danas je i pred jednima i pred drugima nov izazov: vratiti se svome istinskom bi\u0107u i probuditi u sebi pravu \u017eenu i pravog mu\u0161karca&#8230;&#8221;\u00a0<\/em>(\u010dlanak iz Sensa kluba mo\u017eete pro\u010ditati do kraja <a href=\"http:\/\/www.sensaklub.hr\/clanci\/emocije\/snazna-zena-i-vjecni-djecarac-jesu-li-muskarci-i-zene-zamijenili-uloge\">ovdje<\/a>)[\/vc_column_text]<div class=\"divider-wrap\"><div style=\"height: 20px;\" class=\"divider\"><\/div><\/div>[vc_column_text]<span style=\"color: #eb238e;\">Ples nas vra\u0107a u na\u0161e istinske prave uloge jer ple\u0161u\u0107i ples u paru moramo po\u0161tivati pravila &#8216;plesne komunikacije&#8217; kako bi mogli zajedno plesati&#8230;<\/span><\/p>\n<h3>Istinski mu\u0161karac<\/h3>\n<p><strong>Mu\u0161kar\u010deva uloga<\/strong> u plesu je vo\u0111enje, \u0161to zna\u010di da on u plesu nosi <strong>odgovornost<\/strong> za plesne pokrete, odabirom idu\u0107e figure brzo <strong>odlu\u010duje<\/strong> \u0161to \u0107e se idu\u0107e dogoditi u plesu, on postaje <strong>pouzdan, sna\u017ean i odlu\u010dan<\/strong>, mora \u010diniti akcije bez razmi\u0161ljanja&#8230;. S druge strane, da bi ga \u017eena &#8216;poslu\u0161ala&#8217; mora biti <strong>jasan i precizan<\/strong>, <strong>po\u0161tovati vrijeme<\/strong> kada se akciju treba napraviti, a istovremeno treba pristupati \u017eeni s <strong>po\u0161tovanjem i nje\u017eno\u0161\u0107u<\/strong>, suzdr\u017eavaju\u0107i da iskoristi svoju punu snagu on nalazi <strong>umjerenost<\/strong> i energiju koja je njoj potrebna za kretanje. On zna da joj treba pru\u017eiti <strong>sigurnost<\/strong> na plesnom podiju kada mu se ona prepusti, pa stalno obra\u0107a <strong>pa\u017enju<\/strong> na njeno kretanje i ples prilago\u0111ava njoj i trenutnoj situaciji izbjegavaju\u0107i opasnosti koje vrebaju. Pravi mu\u0161karac iz snova, zar ne?<\/p>\n<h3>Istinska \u017eena<\/h3>\n<p><strong>\u017denina uloga<\/strong> u plesu je <strong>pra\u0107enje<\/strong>, \u0161to zna\u010di da je <strong>prilagodljiva<\/strong> i\u00a0<strong>otvorena<\/strong> za promjene koje se doga\u0111aju.\u00a0Ona svojim pokretima <strong>ne smije prekinuti komunikaciju<\/strong>, <strong>prihva\u0107a<\/strong> odluke mu\u0161karca daju\u0107i mu svoje <strong>povjerenje<\/strong> da ju vodi. Ona mu <strong>vjeruje<\/strong> i <strong>prepu\u0161ta<\/strong> se potpuno njegovom vo\u0111enju.\u00a0Ona svojim kretanje istovremeno <strong>odgovara na mu\u0161kar\u010deva pitanja bez vlastitog uplitanja i preuzimanja kontrole<\/strong> ali svojim odgovorom poti\u010de mu\u0161karca na idu\u0107u figuru, kretnju, pitanje. Mu\u0161karac joj <strong>daje dovoljno vlastitog prostora i slobode<\/strong> da mo\u017ee i ona <strong>uljep\u0161ati<\/strong> ples svojim vlastitim pokretima, ali unutar dogovorenih granica komunikacije. Ona <strong>dopu\u0161ta<\/strong> mu\u0161karcu njegovu\u00a0<strong>slobodu<\/strong> da bira figure (bez prigovaranja), a zbog neprekidne pa\u017enje i pouzdanog oslonca ona postaje <strong>samopouzdana, opu\u0161tena, zavodljiva i \u017eenstvena<\/strong>. Prava \u017eena iz snova, zar ne?[\/vc_column_text]<div class=\"divider-wrap\"><div style=\"height: 40px;\" class=\"divider\"><\/div><\/div>[vc_column_text]<img loading=\"lazy\" class=\"wp-image-433 size-thumbnail alignright\" src=\"http:\/\/www.suavecita.hr\/wrp\/wp-content\/uploads\/2017\/09\/blog-gettingready-150x150.jpg\" alt=\"\" width=\"150\" height=\"150\" srcset=\"http:\/\/www.suavecita.hr\/wrp\/wp-content\/uploads\/2017\/09\/blog-gettingready-150x150.jpg 150w, http:\/\/www.suavecita.hr\/wrp\/wp-content\/uploads\/2017\/09\/blog-gettingready-100x100.jpg 100w, http:\/\/www.suavecita.hr\/wrp\/wp-content\/uploads\/2017\/09\/blog-gettingready-500x500.jpg 500w, http:\/\/www.suavecita.hr\/wrp\/wp-content\/uploads\/2017\/09\/blog-gettingready-350x350.jpg 350w\" sizes=\"(max-width: 150px) 100vw, 150px\" \/><em>A za\u0161to smo mi zapravo u vje\u010dnoj potrazi za odli\u010dnim plesa\u010dima? Za\u0161to nam party krcat polu-dobrim plesa\u010dima ne mo\u017ee ispuniti ve\u010der? <\/em><\/p>\n<p>Pro\u010ditaj cijeli \u010dlanak u kolumni <a href=\"http:\/\/www.suavecita.hr\/wrp\/zasto-volimo-plesati-sa-odlicnim-plesacima\/\">Za\u0161to volimo plesati sa odli\u010dnim plesa\u010dima&#8230;<\/a>[\/vc_column_text][\/vc_column][\/vc_row][vc_row type=&#8221;full_width_content&#8221; full_screen_row_position=&#8221;middle&#8221; bg_color=&#8221;#f7f7f7&#8243; scene_position=&#8221;center&#8221; text_color=&#8221;dark&#8221; text_align=&#8221;left&#8221; overlay_strength=&#8221;0.3&#8243;][vc_column column_padding=&#8221;no-extra-padding&#8221; column_padding_position=&#8221;all&#8221; background_color_opacity=&#8221;1&#8243; background_hover_color_opacity=&#8221;1&#8243; column_shadow=&#8221;none&#8221; width=&#8221;1\/1&#8243; tablet_text_alignment=&#8221;default&#8221; phone_text_alignment=&#8221;default&#8221; column_border_width=&#8221;none&#8221; column_border_style=&#8221;solid&#8221;][vc_column_text]<img loading=\"lazy\" class=\"alignleft wp-image-578 size-medium\" src=\"http:\/\/www.suavecita.hr\/wrp\/wp-content\/uploads\/2017\/10\/youth-570881_1920-300x200.jpg\" alt=\"\" width=\"300\" height=\"200\" srcset=\"http:\/\/www.suavecita.hr\/wrp\/wp-content\/uploads\/2017\/10\/youth-570881_1920-300x200.jpg 300w, http:\/\/www.suavecita.hr\/wrp\/wp-content\/uploads\/2017\/10\/youth-570881_1920-768x512.jpg 768w, http:\/\/www.suavecita.hr\/wrp\/wp-content\/uploads\/2017\/10\/youth-570881_1920-1024x683.jpg 1024w, http:\/\/www.suavecita.hr\/wrp\/wp-content\/uploads\/2017\/10\/youth-570881_1920.jpg 1920w\" sizes=\"(max-width: 300px) 100vw, 300px\" \/><\/p>\n<h2><em>\u0160to sve\u00a0mo\u017eete nau\u010diti, ste\u0107i i do\u017eivjeti ple\u0161u\u0107i salsu i za\u0161to ba\u0161 salsu pro\u010ditajte u kolumni <a href=\"http:\/\/www.suavecita.hr\/wrp\/salsa-makes-life-better\/\">Salsa Makes Life Better<\/a><\/em><\/h2>\n[\/vc_column_text][\/vc_column][\/vc_row][vc_row type=&#8221;in_container&#8221; full_screen_row_position=&#8221;middle&#8221; scene_position=&#8221;center&#8221; text_color=&#8221;dark&#8221; text_align=&#8221;left&#8221; overlay_strength=&#8221;0.3&#8243;][vc_column column_padding=&#8221;no-extra-padding&#8221; column_padding_position=&#8221;all&#8221; background_color_opacity=&#8221;1&#8243; background_hover_color_opacity=&#8221;1&#8243; column_shadow=&#8221;none&#8221; width=&#8221;1\/1&#8243; tablet_text_alignment=&#8221;default&#8221; phone_text_alignment=&#8221;default&#8221; column_border_width=&#8221;none&#8221; column_border_style=&#8221;solid&#8221;]<div class=\"divider-wrap\"><div style=\"height: 40px;\" class=\"divider\"><\/div><\/div>[\/vc_column][\/vc_row]\n","protected":false},"excerpt":{"rendered":"<p>[vc_row type=&#8221;full_width_background&#8221; full_screen_row_position=&#8221;middle&#8221; bg_image=&#8221;474&#8243; bg_position=&#8221;center center&#8221; bg_repeat=&#8221;no-repeat&#8221; scene_position=&#8221;center&#8221; text_color=&#8221;light&#8221; text_align=&#8221;left&#8221; top_padding=&#8221;10%&#8221; bottom_padding=&#8221;10%&#8221; overlay_strength=&#8221;0.3&#8243;][vc_column column_padding=&#8221;no-extra-padding&#8221; column_padding_position=&#8221;all&#8221; background_color_opacity=&#8221;1&#8243; background_hover_color_opacity=&#8221;1&#8243; column_shadow=&#8221;none&#8221; width=&#8221;1\/1&#8243; tablet_text_alignment=&#8221;default&#8221; phone_text_alignment=&#8221;default&#8221; column_border_width=&#8221;none&#8221; column_border_style=&#8221;solid&#8221;][vc_row_inner column_margin=&#8221;default&#8221; text_align=&#8221;left&#8221;][vc_column_inner enable_animation=&#8221;true&#8221; animation=&#8221;fade-in-from-bottom&#8221; column_padding=&#8221;no-extra-padding&#8221; column_padding_position=&#8221;all&#8221; background_color_opacity=&#8221;0.3&#8243;&#8230;<\/p>\n","protected":false},"author":1,"featured_media":0,"parent":0,"menu_order":0,"comment_status":"closed","ping_status":"closed","template":"","meta":[],"_links":{"self":[{"href":"http:\/\/www.suavecita.hr\/wrp\/wp-json\/wp\/v2\/pages\/160"}],"collection":[{"href":"http:\/\/www.suavecita.hr\/wrp\/wp-json\/wp\/v2\/pages"}],"about":[{"href":"http:\/\/www.suavecita.hr\/wrp\/wp-json\/wp\/v2\/types\/page"}],"author":[{"embeddable":true,"href":"http:\/\/www.suavecita.hr\/wrp\/wp-json\/wp\/v2\/users\/1"}],"replies":[{"embeddable":true,"href":"http:\/\/www.suavecita.hr\/wrp\/wp-json\/wp\/v2\/comments?post=160"}],"version-history":[{"count":32,"href":"http:\/\/www.suavecita.hr\/wrp\/wp-json\/wp\/v2\/pages\/160\/revisions"}],"predecessor-version":[{"id":716,"href":"http:\/\/www.suavecita.hr\/wrp\/wp-json\/wp\/v2\/pages\/160\/revisions\/716"}],"wp:attachment":[{"href":"http:\/\/www.suavecita.hr\/wrp\/wp-json\/wp\/v2\/media?parent=160"}],"curies":[{"name":"wp","href":"https:\/\/api.w.org\/{rel}","templated":true}]}}