{"id":139,"date":"2017-09-17T15:47:20","date_gmt":"2017-09-17T15:47:20","guid":{"rendered":"http:\/\/suavecita.hr\/wrp\/?page_id=139"},"modified":"2017-09-27T16:46:13","modified_gmt":"2017-09-27T15:46:13","slug":"novosti","status":"publish","type":"page","link":"http:\/\/www.suavecita.hr\/wrp\/novosti\/","title":{"rendered":"Novosti"},"content":{"rendered":"[vc_row type=&#8221;in_container&#8221; full_screen_row_position=&#8221;middle&#8221; scene_position=&#8221;center&#8221; text_color=&#8221;dark&#8221; text_align=&#8221;left&#8221; overlay_strength=&#8221;0.3&#8243;][vc_column column_padding=&#8221;no-extra-padding&#8221; column_padding_position=&#8221;all&#8221; background_color_opacity=&#8221;1&#8243; background_hover_color_opacity=&#8221;1&#8243; column_shadow=&#8221;none&#8221; width=&#8221;1\/1&#8243; tablet_text_alignment=&#8221;default&#8221; phone_text_alignment=&#8221;default&#8221; column_border_width=&#8221;none&#8221; column_border_style=&#8221;solid&#8221;]<div style=\"height: 550px\"  data-transition=\"slide\" data-overall_style=\"classic\" data-flexible-height=\"\" data-animate-in-effect=\"none\" data-fullscreen=\"false\" data-button-sizing=\"regular\" data-button-styling=\"btn_with_count\" data-autorotate=\"\" data-parallax=\"false\" data-full-width=\"true\" class=\"nectar-slider-wrap \" id=\"ns-id-6a0538ba0eaed\">\r\n\t\t\t<div style=\"height: 550px\" class=\"swiper-container\"  data-tho=\"auto\" data-tco=\"auto\" data-pho=\"auto\" data-pco=\"auto\" data-loop=\"false\" data-height=\"550\" data-min-height=\"\" data-arrows=\"false\" data-bullets=\"false\" data-bullet_style=\"see_through\" data-desktop-swipe=\"false\" data-settings=\"\">\r\n\t\t\t\t    <div class=\"swiper-wrapper\"><div class=\"swiper-slide\" data-bg-alignment=\"center\" data-color-scheme=\"light\" data-x-pos=\"left\" data-y-pos=\"middle\"> \r\n\t\t\t\t\t\t\t\t<div class=\"image-bg\" style=\"background-image: url(http:\/\/suavecita.hr\/wrp\/wp-content\/uploads\/2017\/09\/News-title.jpg);\"> &nbsp; <\/div><div class=\"container\">\r\n\t\t\t\t\t\t\t\t\t<div class=\"content\"><h2>Novosti<\/h2><p  ><span>iz svijeta salse i Suavecite...<\/span><\/p><\/div>\r\n\t\t\t\t\t\t\t\t<\/div><!--\/container--><div class=\"video-texture active_texture\"> <span class=\"ie-fix\"><\/span> <\/div><\/div><!--\/swiper-slide--><\/div><div class=\"nectar-slider-loading \"> <span class=\"loading-icon none\">   <\/span> <\/div> <\/div> \r\n\t\t\t\t\r\n\t\t\t<\/div>[\/vc_column][\/vc_row][vc_row type=&#8221;in_container&#8221; full_screen_row_position=&#8221;middle&#8221; scene_position=&#8221;center&#8221; text_color=&#8221;dark&#8221; text_align=&#8221;left&#8221; top_padding=&#8221;100&#8243; overlay_strength=&#8221;0.3&#8243;][vc_column column_padding=&#8221;no-extra-padding&#8221; column_padding_position=&#8221;all&#8221; background_color_opacity=&#8221;1&#8243; background_hover_color_opacity=&#8221;1&#8243; column_shadow=&#8221;none&#8221; width=&#8221;2\/3&#8243; tablet_text_alignment=&#8221;default&#8221; phone_text_alignment=&#8221;default&#8221; column_border_width=&#8221;none&#8221; column_border_style=&#8221;solid&#8221;][vc_column_text]\n<h2>Sve \u0161to ste htjeli i niste htjeli saznati&#8230;<\/h2>\n[\/vc_column_text][vc_column_text]\u0160to je novo u Suaveciti? \u0160to je novo u salsa svijetu? Kada po\u010dinju nove grupe grupe? Gdje putujemo? Gdje nas mo\u017eete na\u0107i? Gdje mo\u017eete nau\u010diti plesati? Za\u0161to ljudi ki\u0161u zatvorenih o\u010diju?\u00a0Koliko se puta dnevno kazaljke sata preklope? Odgovore na mogu\u0107a i nemogu\u0107a pitanja saznajte ovdje&#8230;[\/vc_column_text][\/vc_column][vc_column column_padding=&#8221;no-extra-padding&#8221; column_padding_position=&#8221;all&#8221; background_color_opacity=&#8221;1&#8243; background_hover_color_opacity=&#8221;1&#8243; column_shadow=&#8221;none&#8221; width=&#8221;1\/3&#8243; tablet_text_alignment=&#8221;default&#8221; phone_text_alignment=&#8221;default&#8221; column_border_width=&#8221;none&#8221; column_border_style=&#8221;solid&#8221;][\/vc_column][\/vc_row][vc_row type=&#8221;in_container&#8221; full_screen_row_position=&#8221;middle&#8221; scene_position=&#8221;center&#8221; text_color=&#8221;dark&#8221; text_align=&#8221;left&#8221; top_padding=&#8221;50&#8243; overlay_strength=&#8221;0.3&#8243;][vc_column column_padding=&#8221;no-extra-padding&#8221; column_padding_position=&#8221;all&#8221; background_color_opacity=&#8221;1&#8243; background_hover_color_opacity=&#8221;1&#8243; column_shadow=&#8221;none&#8221; width=&#8221;1\/1&#8243; tablet_text_alignment=&#8221;default&#8221; phone_text_alignment=&#8221;default&#8221; column_border_width=&#8221;none&#8221; column_border_style=&#8221;solid&#8221;]\t\r\n\t<div class=\"row\">\r\n\t\r\n\t <div id=\"post-area\" class=\"col  span_12 col_last masonry classic_enhanced  \" > <div class=\"posts-container\" data-load-animation=\"none\">\t\t\t\t\r\n\t\t\t\t\r\n\t\t\t\t\r\n<article id=\"post-638\" class=\"regular post-638 post type-post status-publish format-standard has-post-thumbnail hentry category-news tag-grupa tag-pocetna tag-salsa\">\r\n\r\n\t<div class=\"inner-wrap animated\">\r\n\r\n\t\t<div class=\"post-content\">\r\n\t\t\t\r\n\t\t\t\t\t\t\t\r\n\t\t\t\t\t\t\t\t\r\n\t\t\t\t<div class=\"post-meta \">\r\n\t\t\t\t\t\r\n\t\t\t\t\t\t\t\t\t\t\r\n\t\t\t\t\t<div class=\"date\">\r\n\t\t\t\t\t\t\t\t\t\t\t<\/div><!--\/date-->\r\n\t\t\t\t\t\r\n\t\t\t\t\t \r\n\t\t\t\t\t\t<span class=\"meta-author\"> <a href=\"http:\/\/www.suavecita.hr\/wrp\/author\/tvarunek\/\"> <i class=\"icon-default-style icon-salient-m-user\"><\/i> Tajana Varunek<\/a> <\/span> \r\n\t\t\t\t\t\t\r\n\t\t\t\t\t\r\n\t\t\t\t\t \r\n\t\t\t\t\t\t<div class=\"nectar-love-wrap\">\r\n\t\t\t\t\t\t\t<a href=\"#\" class=\"nectar-love\" id=\"nectar-love-638\" title=\"Love this\"> <div class=\"heart-wrap\"><i class=\"icon-salient-heart-2\"><\/i><\/div><span class=\"nectar-love-count\">0<\/span><\/a>\t\t\t\t\t\t<\/div><!--\/nectar-love-wrap-->\t\r\n\t\t\t\t\t\r\n\t\t\t\t<\/div><!--\/post-meta-->\r\n\t\t\t\t\r\n\t\t\t\t\t\t\r\n\t\t\t<a href=\"http:\/\/www.suavecita.hr\/wrp\/besplatni-uvodni-sat-salse-u-paru\/\" class=\"img-link\"><span class=\"post-featured-img\"><img width=\"600\" height=\"403\" src=\"http:\/\/www.suavecita.hr\/wrp\/wp-content\/uploads\/2017\/10\/uvodnisat-600x403.jpg\" class=\"attachment-portfolio-thumb size-portfolio-thumb wp-post-image\" alt=\"\" loading=\"lazy\" title=\"\" sizes=\"(min-width: 1600px) 20vw, (min-width: 1300px) 25vw, (min-width: 1000px) 33.3vw, (min-width: 690px) 50vw, 100vw\" srcset=\"http:\/\/www.suavecita.hr\/wrp\/wp-content\/uploads\/2017\/10\/uvodnisat-600x403.jpg 600w, http:\/\/www.suavecita.hr\/wrp\/wp-content\/uploads\/2017\/10\/uvodnisat-400x269.jpg 400w\" \/><\/span><\/a>\r\n\r\n\t\t\t\r\n\t\t\t\t<div class=\"content-inner\">\r\n\t\t\t\t\t\r\n\t\t\t\t\t <a class=\"entire-meta-link\" href=\"http:\/\/www.suavecita.hr\/wrp\/besplatni-uvodni-sat-salse-u-paru\/\"><\/a>\t\t\t\t\t\r\n\t\t\t\t\t\r\n\t\t\t\t\t\t<span class=\"meta-category\"><a class=\"news\" href=\"http:\/\/www.suavecita.hr\/wrp\/category\/news\/\">News<\/a><\/span>\r\n\t\t\t\t\t\t<div class=\"article-content-wrap\">\r\n\r\n\t\t\t\t\t\t\t<div class=\"post-header\">\r\n\t\t\t\t\t\t\t\t16\/10\/2017\t\r\n\t\t\t\t\t\t\t\t<h3 class=\"title\">\r\n\t\t\t\t\t\t\t\t\t\t\t\t\t\t\t\t\t\t\t\tBesplatni uvodni sat salse u paru\t\t\t\t\t\t\t\t\t\t\t\t\t\t\t\t\t\t<\/h3>\r\n\r\n\t\t\t\t\t\t\t\t\t\t\t\t\t\t\t<\/div><!--\/post-header-->\r\n\t\t\t\t\t\t<div class=\"excerpt\">Do\u0111i na besplatni uvodni sat! Kada? u \u010detvrtak 26.10.2017 u 21h Gdje?\u00a0The Tango Place, Florijana&hellip;<\/div><a class=\"more-link\" href=\"http:\/\/www.suavecita.hr\/wrp\/besplatni-uvodni-sat-salse-u-paru\/\"><span class=\"continue-reading\">Read More<\/span><\/a>\t\t\t\t\t\t\t\r\n\t\t\t\t\t\t<\/div><!--article-content-wrap-->\r\n\r\n\t\t\t\t\t\t\t\t\t\t\r\n\t\t\t\t   \r\n\t\t\t\t\t\t\t\t\t\t\r\n\t\t\t\t\t\t\t\t\t\t\t\r\n\t\t\t\t<\/div><!--\/content-inner-->\r\n\r\n\t\t\t\t\t\t\r\n\t\t<\/div><!--\/post-content-->\r\n\r\n\t<\/div><!--\/inner-wrap-->\r\n\t\t\r\n<\/article><!--\/article-->\r\n\t\t\t\t\t\t\t\r\n\t\t\t\t\r\n\t\t\t\t\r\n<article id=\"post-547\" class=\"regular post-547 post type-post status-publish format-standard has-post-thumbnail hentry category-news\">\r\n\r\n\t<div class=\"inner-wrap animated\">\r\n\r\n\t\t<div class=\"post-content\">\r\n\t\t\t\r\n\t\t\t\t\t\t\t\r\n\t\t\t\t\t\t\t\t\r\n\t\t\t\t<div class=\"post-meta \">\r\n\t\t\t\t\t\r\n\t\t\t\t\t\t\t\t\t\t\r\n\t\t\t\t\t<div class=\"date\">\r\n\t\t\t\t\t\t\t\t\t\t\t<\/div><!--\/date-->\r\n\t\t\t\t\t\r\n\t\t\t\t\t \r\n\t\t\t\t\t\t<span class=\"meta-author\"> <a href=\"http:\/\/www.suavecita.hr\/wrp\/author\/tvarunek\/\"> <i class=\"icon-default-style icon-salient-m-user\"><\/i> Tajana Varunek<\/a> <\/span> \r\n\t\t\t\t\t\t\r\n\t\t\t\t\t\r\n\t\t\t\t\t \r\n\t\t\t\t\t\t<div class=\"nectar-love-wrap\">\r\n\t\t\t\t\t\t\t<a href=\"#\" class=\"nectar-love\" id=\"nectar-love-547\" title=\"Love this\"> <div class=\"heart-wrap\"><i class=\"icon-salient-heart-2\"><\/i><\/div><span class=\"nectar-love-count\">0<\/span><\/a>\t\t\t\t\t\t<\/div><!--\/nectar-love-wrap-->\t\r\n\t\t\t\t\t\r\n\t\t\t\t<\/div><!--\/post-meta-->\r\n\t\t\t\t\r\n\t\t\t\t\t\t\r\n\t\t\t<a href=\"http:\/\/www.suavecita.hr\/wrp\/promjena-termina-grupe-lady-stylinga\/\" class=\"img-link\"><span class=\"post-featured-img\"><img width=\"600\" height=\"403\" src=\"http:\/\/www.suavecita.hr\/wrp\/wp-content\/uploads\/2017\/10\/ladystyling-prvisat-600x403.jpg\" class=\"attachment-portfolio-thumb size-portfolio-thumb wp-post-image\" alt=\"\" loading=\"lazy\" title=\"\" sizes=\"(min-width: 1600px) 20vw, (min-width: 1300px) 25vw, (min-width: 1000px) 33.3vw, (min-width: 690px) 50vw, 100vw\" srcset=\"http:\/\/www.suavecita.hr\/wrp\/wp-content\/uploads\/2017\/10\/ladystyling-prvisat-600x403.jpg 600w, http:\/\/www.suavecita.hr\/wrp\/wp-content\/uploads\/2017\/10\/ladystyling-prvisat-400x269.jpg 400w\" \/><\/span><\/a>\r\n\r\n\t\t\t\r\n\t\t\t\t<div class=\"content-inner\">\r\n\t\t\t\t\t\r\n\t\t\t\t\t <a class=\"entire-meta-link\" href=\"http:\/\/www.suavecita.hr\/wrp\/promjena-termina-grupe-lady-stylinga\/\"><\/a>\t\t\t\t\t\r\n\t\t\t\t\t\r\n\t\t\t\t\t\t<span class=\"meta-category\"><a class=\"news\" href=\"http:\/\/www.suavecita.hr\/wrp\/category\/news\/\">News<\/a><\/span>\r\n\t\t\t\t\t\t<div class=\"article-content-wrap\">\r\n\r\n\t\t\t\t\t\t\t<div class=\"post-header\">\r\n\t\t\t\t\t\t\t\t04\/10\/2017\t\r\n\t\t\t\t\t\t\t\t<h3 class=\"title\">\r\n\t\t\t\t\t\t\t\t\t\t\t\t\t\t\t\t\t\t\t\tPromjena termina grupe Lady Stylinga\t\t\t\t\t\t\t\t\t\t\t\t\t\t\t\t\t\t<\/h3>\r\n\r\n\t\t\t\t\t\t\t\t\t\t\t\t\t\t\t<\/div><!--\/post-header-->\r\n\t\t\t\t\t\t<div class=\"excerpt\">Grupa Lady Stylinga \u0107e se odr\u017eavati utorkom od 20:30-22:00 u\u00a0Centar Kaptol (Husar&amp;Tom\u010di\u0107 \u0161kola pjevanja, 1.kat),&hellip;<\/div><a class=\"more-link\" href=\"http:\/\/www.suavecita.hr\/wrp\/promjena-termina-grupe-lady-stylinga\/\"><span class=\"continue-reading\">Read More<\/span><\/a>\t\t\t\t\t\t\t\r\n\t\t\t\t\t\t<\/div><!--article-content-wrap-->\r\n\r\n\t\t\t\t\t\t\t\t\t\t\r\n\t\t\t\t   \r\n\t\t\t\t\t\t\t\t\t\t\r\n\t\t\t\t\t\t\t\t\t\t\t\r\n\t\t\t\t<\/div><!--\/content-inner-->\r\n\r\n\t\t\t\t\t\t\r\n\t\t<\/div><!--\/post-content-->\r\n\r\n\t<\/div><!--\/inner-wrap-->\r\n\t\t\r\n<\/article><!--\/article-->\r\n\t\t\t\t\t\t\t\r\n\t\t\t\t\r\n\t\t\t\t\r\n<article id=\"post-466\" class=\"regular post-466 post type-post status-publish format-standard has-post-thumbnail hentry category-news tag-lady-styling tag-partnerwork tag-salsa tag-upisi\">\r\n\r\n\t<div class=\"inner-wrap animated\">\r\n\r\n\t\t<div class=\"post-content\">\r\n\t\t\t\r\n\t\t\t\t\t\t\t\r\n\t\t\t\t\t\t\t\t\r\n\t\t\t\t<div class=\"post-meta \">\r\n\t\t\t\t\t\r\n\t\t\t\t\t\t\t\t\t\t\r\n\t\t\t\t\t<div class=\"date\">\r\n\t\t\t\t\t\t\t\t\t\t\t<\/div><!--\/date-->\r\n\t\t\t\t\t\r\n\t\t\t\t\t \r\n\t\t\t\t\t\t<span class=\"meta-author\"> <a href=\"http:\/\/www.suavecita.hr\/wrp\/author\/tvarunek\/\"> <i class=\"icon-default-style icon-salient-m-user\"><\/i> Tajana Varunek<\/a> <\/span> \r\n\t\t\t\t\t\t\r\n\t\t\t\t\t\r\n\t\t\t\t\t \r\n\t\t\t\t\t\t<div class=\"nectar-love-wrap\">\r\n\t\t\t\t\t\t\t<a href=\"#\" class=\"nectar-love\" id=\"nectar-love-466\" title=\"Love this\"> <div class=\"heart-wrap\"><i class=\"icon-salient-heart-2\"><\/i><\/div><span class=\"nectar-love-count\">1<\/span><\/a>\t\t\t\t\t\t<\/div><!--\/nectar-love-wrap-->\t\r\n\t\t\t\t\t\r\n\t\t\t\t<\/div><!--\/post-meta-->\r\n\t\t\t\t\r\n\t\t\t\t\t\t\r\n\t\t\t<a href=\"http:\/\/www.suavecita.hr\/wrp\/otvoreni-su-upisi-u-grupe\/\" class=\"img-link\"><span class=\"post-featured-img\"><img width=\"600\" height=\"403\" src=\"http:\/\/www.suavecita.hr\/wrp\/wp-content\/uploads\/2017\/09\/news_upisi-600x403.jpg\" class=\"attachment-portfolio-thumb size-portfolio-thumb wp-post-image\" alt=\"\" loading=\"lazy\" title=\"\" sizes=\"(min-width: 1600px) 20vw, (min-width: 1300px) 25vw, (min-width: 1000px) 33.3vw, (min-width: 690px) 50vw, 100vw\" srcset=\"http:\/\/www.suavecita.hr\/wrp\/wp-content\/uploads\/2017\/09\/news_upisi-600x403.jpg 600w, http:\/\/www.suavecita.hr\/wrp\/wp-content\/uploads\/2017\/09\/news_upisi-400x269.jpg 400w\" \/><\/span><\/a>\r\n\r\n\t\t\t\r\n\t\t\t\t<div class=\"content-inner\">\r\n\t\t\t\t\t\r\n\t\t\t\t\t <a class=\"entire-meta-link\" href=\"http:\/\/www.suavecita.hr\/wrp\/otvoreni-su-upisi-u-grupe\/\"><\/a>\t\t\t\t\t\r\n\t\t\t\t\t\r\n\t\t\t\t\t\t<span class=\"meta-category\"><a class=\"news\" href=\"http:\/\/www.suavecita.hr\/wrp\/category\/news\/\">News<\/a><\/span>\r\n\t\t\t\t\t\t<div class=\"article-content-wrap\">\r\n\r\n\t\t\t\t\t\t\t<div class=\"post-header\">\r\n\t\t\t\t\t\t\t\t21\/09\/2017\t\r\n\t\t\t\t\t\t\t\t<h3 class=\"title\">\r\n\t\t\t\t\t\t\t\t\t\t\t\t\t\t\t\t\t\t\t\tOtvoreni su upisi u grupe!\t\t\t\t\t\t\t\t\t\t\t\t\t\t\t\t\t\t<\/h3>\r\n\r\n\t\t\t\t\t\t\t\t\t\t\t\t\t\t\t<\/div><!--\/post-header-->\r\n\t\t\t\t\t\t<div class=\"excerpt\">Plesni studio Suavecita s veseljem najavljuje upise u grupe plesa! Grupe po\u010dinju u 10. mjesecu,&hellip;<\/div><a class=\"more-link\" href=\"http:\/\/www.suavecita.hr\/wrp\/otvoreni-su-upisi-u-grupe\/\"><span class=\"continue-reading\">Read More<\/span><\/a>\t\t\t\t\t\t\t\r\n\t\t\t\t\t\t<\/div><!--article-content-wrap-->\r\n\r\n\t\t\t\t\t\t\t\t\t\t\r\n\t\t\t\t   \r\n\t\t\t\t\t\t\t\t\t\t\r\n\t\t\t\t\t\t\t\t\t\t\t\r\n\t\t\t\t<\/div><!--\/content-inner-->\r\n\r\n\t\t\t\t\t\t\r\n\t\t<\/div><!--\/post-content-->\r\n\r\n\t<\/div><!--\/inner-wrap-->\r\n\t\t\r\n<\/article><!--\/article-->\r\n\t\t\t\t\t\t\t\r\n\t\t\t\t\r\n\t\t\t\t\r\n<article id=\"post-133\" class=\"regular post-133 post type-post status-publish format-standard has-post-thumbnail hentry category-news\">\r\n\r\n\t<div class=\"inner-wrap animated\">\r\n\r\n\t\t<div class=\"post-content\">\r\n\t\t\t\r\n\t\t\t\t\t\t\t\r\n\t\t\t\t\t\t\t\t\r\n\t\t\t\t<div class=\"post-meta \">\r\n\t\t\t\t\t\r\n\t\t\t\t\t\t\t\t\t\t\r\n\t\t\t\t\t<div class=\"date\">\r\n\t\t\t\t\t\t\t\t\t\t\t<\/div><!--\/date-->\r\n\t\t\t\t\t\r\n\t\t\t\t\t \r\n\t\t\t\t\t\t<span class=\"meta-author\"> <a href=\"http:\/\/www.suavecita.hr\/wrp\/author\/tvarunek\/\"> <i class=\"icon-default-style icon-salient-m-user\"><\/i> Tajana Varunek<\/a> <\/span> \r\n\t\t\t\t\t\t\r\n\t\t\t\t\t\r\n\t\t\t\t\t \r\n\t\t\t\t\t\t<div class=\"nectar-love-wrap\">\r\n\t\t\t\t\t\t\t<a href=\"#\" class=\"nectar-love\" id=\"nectar-love-133\" title=\"Love this\"> <div class=\"heart-wrap\"><i class=\"icon-salient-heart-2\"><\/i><\/div><span class=\"nectar-love-count\">0<\/span><\/a>\t\t\t\t\t\t<\/div><!--\/nectar-love-wrap-->\t\r\n\t\t\t\t\t\r\n\t\t\t\t<\/div><!--\/post-meta-->\r\n\t\t\t\t\r\n\t\t\t\t\t\t\r\n\t\t\t<a href=\"http:\/\/www.suavecita.hr\/wrp\/lady-styling-day-radionica\/\" class=\"img-link\"><span class=\"post-featured-img\"><img width=\"600\" height=\"403\" src=\"http:\/\/www.suavecita.hr\/wrp\/wp-content\/uploads\/2017\/09\/Vijest-tajana-i-anja-600x403.jpg\" class=\"attachment-portfolio-thumb size-portfolio-thumb wp-post-image\" alt=\"\" loading=\"lazy\" title=\"\" sizes=\"(min-width: 1600px) 20vw, (min-width: 1300px) 25vw, (min-width: 1000px) 33.3vw, (min-width: 690px) 50vw, 100vw\" srcset=\"http:\/\/www.suavecita.hr\/wrp\/wp-content\/uploads\/2017\/09\/Vijest-tajana-i-anja-600x403.jpg 600w, http:\/\/www.suavecita.hr\/wrp\/wp-content\/uploads\/2017\/09\/Vijest-tajana-i-anja-400x269.jpg 400w\" \/><\/span><\/a>\r\n\r\n\t\t\t\r\n\t\t\t\t<div class=\"content-inner\">\r\n\t\t\t\t\t\r\n\t\t\t\t\t <a class=\"entire-meta-link\" href=\"http:\/\/www.suavecita.hr\/wrp\/lady-styling-day-radionica\/\"><\/a>\t\t\t\t\t\r\n\t\t\t\t\t\r\n\t\t\t\t\t\t<span class=\"meta-category\"><a class=\"news\" href=\"http:\/\/www.suavecita.hr\/wrp\/category\/news\/\">News<\/a><\/span>\r\n\t\t\t\t\t\t<div class=\"article-content-wrap\">\r\n\r\n\t\t\t\t\t\t\t<div class=\"post-header\">\r\n\t\t\t\t\t\t\t\t17\/09\/2017\t\r\n\t\t\t\t\t\t\t\t<h3 class=\"title\">\r\n\t\t\t\t\t\t\t\t\t\t\t\t\t\t\t\t\t\t\t\tOdr\u017eana je Lady Styling Day radionica\t\t\t\t\t\t\t\t\t\t\t\t\t\t\t\t\t\t<\/h3>\r\n\r\n\t\t\t\t\t\t\t\t\t\t\t\t\t\t\t<\/div><!--\/post-header-->\r\n\t\t\t\t\t\t<div class=\"excerpt\">U subotu 16.9.2017. odr\u017eana je radionica Lady Stylinga Tajane Varunek u suradnji sa internacionalnom instruktoricom&hellip;<\/div><a class=\"more-link\" href=\"http:\/\/www.suavecita.hr\/wrp\/lady-styling-day-radionica\/\"><span class=\"continue-reading\">Read More<\/span><\/a>\t\t\t\t\t\t\t\r\n\t\t\t\t\t\t<\/div><!--article-content-wrap-->\r\n\r\n\t\t\t\t\t\t\t\t\t\t\r\n\t\t\t\t   \r\n\t\t\t\t\t\t\t\t\t\t\r\n\t\t\t\t\t\t\t\t\t\t\t\r\n\t\t\t\t<\/div><!--\/content-inner-->\r\n\r\n\t\t\t\t\t\t\r\n\t\t<\/div><!--\/post-content-->\r\n\r\n\t<\/div><!--\/inner-wrap-->\r\n\t\t\r\n<\/article><!--\/article-->\r\n\t\t\t\t\t\t\r\n\t\t\t<\/div><!--\/posts container-->\r\n\t\t\t\r\n\t\t\t\t\t\r\n\t\t<\/div><!--\/span_9-->\r\n\t\t\r\n\t\t\r\n\t<\/div>\r\n\t\r\n\t[\/vc_column][\/vc_row]\n","protected":false},"excerpt":{"rendered":"<p>[vc_row type=&#8221;in_container&#8221; full_screen_row_position=&#8221;middle&#8221; scene_position=&#8221;center&#8221; text_color=&#8221;dark&#8221; text_align=&#8221;left&#8221; overlay_strength=&#8221;0.3&#8243;][vc_column column_padding=&#8221;no-extra-padding&#8221; column_padding_position=&#8221;all&#8221; background_color_opacity=&#8221;1&#8243; background_hover_color_opacity=&#8221;1&#8243; column_shadow=&#8221;none&#8221; width=&#8221;1\/1&#8243; tablet_text_alignment=&#8221;default&#8221; phone_text_alignment=&#8221;default&#8221; column_border_width=&#8221;none&#8221; column_border_style=&#8221;solid&#8221;][\/vc_column][\/vc_row][vc_row type=&#8221;in_container&#8221; full_screen_row_position=&#8221;middle&#8221; scene_position=&#8221;center&#8221; text_color=&#8221;dark&#8221; text_align=&#8221;left&#8221; top_padding=&#8221;100&#8243; overlay_strength=&#8221;0.3&#8243;][vc_column column_padding=&#8221;no-extra-padding&#8221; column_padding_position=&#8221;all&#8221; background_color_opacity=&#8221;1&#8243; background_hover_color_opacity=&#8221;1&#8243; column_shadow=&#8221;none&#8221; width=&#8221;2\/3&#8243;&#8230;<\/p>\n","protected":false},"author":1,"featured_media":0,"parent":0,"menu_order":0,"comment_status":"closed","ping_status":"closed","template":"","meta":[],"_links":{"self":[{"href":"http:\/\/www.suavecita.hr\/wrp\/wp-json\/wp\/v2\/pages\/139"}],"collection":[{"href":"http:\/\/www.suavecita.hr\/wrp\/wp-json\/wp\/v2\/pages"}],"about":[{"href":"http:\/\/www.suavecita.hr\/wrp\/wp-json\/wp\/v2\/types\/page"}],"author":[{"embeddable":true,"href":"http:\/\/www.suavecita.hr\/wrp\/wp-json\/wp\/v2\/users\/1"}],"replies":[{"embeddable":true,"href":"http:\/\/www.suavecita.hr\/wrp\/wp-json\/wp\/v2\/comments?post=139"}],"version-history":[{"count":7,"href":"http:\/\/www.suavecita.hr\/wrp\/wp-json\/wp\/v2\/pages\/139\/revisions"}],"predecessor-version":[{"id":173,"href":"http:\/\/www.suavecita.hr\/wrp\/wp-json\/wp\/v2\/pages\/139\/revisions\/173"}],"wp:attachment":[{"href":"http:\/\/www.suavecita.hr\/wrp\/wp-json\/wp\/v2\/media?parent=139"}],"curies":[{"name":"wp","href":"https:\/\/api.w.org\/{rel}","templated":true}]}}